{"id":1853,"date":"2024-08-10T10:55:51","date_gmt":"2024-08-10T07:55:51","guid":{"rendered":"https:\/\/www.odunsirkesi.com\/?post_type=product&#038;p=1853"},"modified":"2025-08-25T12:59:01","modified_gmt":"2025-08-25T09:59:01","slug":"ardic-katrani-1-kg","status":"publish","type":"product","link":"https:\/\/www.odunsirkesi.com\/index.php\/urun\/ardic-katrani-1-kg\/","title":{"rendered":"Ard\u0131\u00e7 Katran\u0131 1 KG"},"content":{"rendered":"<p><strong>Ard\u0131\u00e7 Katran\u0131 Nedir?<\/strong><\/p>\n<p>Ard\u0131\u00e7 katran\u0131, ard\u0131\u00e7 a\u011fa\u00e7lar\u0131n\u0131n (\u00f6zellikle Juniperus cinsinin) odun ve yapraklar\u0131ndan elde edilen koyu, viskoz bir s\u0131v\u0131 halindedir.<\/p>\n<p><strong>Ard\u0131\u00e7 Katran\u0131 Nas\u0131l Yap\u0131l\u0131r?<\/strong><\/p>\n<p>Kara\u00e7am gibi y\u00fcksek b\u00f6lgelerde yeti\u015fen ard\u0131\u00e7 a\u011fac\u0131n\u0131n \u00e7\u0131ral\u0131 b\u00f6lmeleri \u00f6zenle se\u00e7ilir ve piroliz i\u015flemine tabii tutulur.<\/p>\n<p><strong>Ard\u0131\u00e7 Katran\u0131 Ne \u0130\u015fe Yarar?<\/strong><\/p>\n<p>Ard\u0131\u00e7 katran\u0131, antiseptik \u00f6zellikleri sayesinde \u00e7e\u015fitli sa\u011fl\u0131k yararlar\u0131 ile bilinir. Geleneksel t\u0131pta, solunum yolu rahats\u0131zl\u0131klar\u0131, cilt problemleri ve eklem a\u011fr\u0131lar\u0131 gibi durumlar\u0131n tedavisinde kullan\u0131l\u0131r. Ayr\u0131ca, do\u011fal bir b\u00f6cek ilac\u0131 ve koruyucu olarak da kullan\u0131labilir.<\/p>\n<p>Bu katran\u0131n ayr\u0131ca aromatik bir \u00f6zelli\u011fi oldu\u011fu i\u00e7in parf\u00fcm ve do\u011fal mum yap\u0131m\u0131nda da tercih edilir. Ancak kullanmadan \u00f6nce, \u00f6zellikle cilt \u00fczerindeki etkilerini g\u00f6z \u00f6n\u00fcnde bulundurmak \u00f6nemlidir.<\/p>\n<p><strong>Katran Nedir? \u00c7am Katran\u0131 Nedir?<\/strong><\/p>\n<p>Katran, do\u011fal kaynaklardan elde edilen yo\u011fun ve yap\u0131\u015fkan bir s\u0131v\u0131d\u0131r. Genellikle \u00e7am, sedir ve ard\u0131\u00e7 a\u011fa\u00e7lar\u0131n\u0131n piroliz i\u015flemiyle elde edilir. Bu nedenle \u00e7am katran\u0131, ard\u0131\u00e7 katran\u0131 ve sedir katran\u0131 gibi t\u00fcrleri vard\u0131r. Katran denildi\u011finde daha \u00e7ok \u00e7am katran\u0131 ifade edilmektedir. Katran ya\u011f\u0131 ad\u0131yla da an\u0131lmaktad\u0131r.<\/p>\n<p><strong>Katran ne i\u015fe yarar? Katran\u0131n faydalar\u0131 nelerdir?<\/strong><\/p>\n<p>Antiseptik ve antifungal \u00f6zelliklere sahip olan katran, cilt hastal\u0131klar\u0131n\u0131n tedavisinde, bitkilerde zararl\u0131larla m\u00fccadelede ve end\u00fcstriyel uygulamalarda yayg\u0131n olarak kullan\u0131l\u0131r. Ayr\u0131ca, do\u011fal bir temizlik maddesi olarak etkili olup, ah\u015fap koruma ve yap\u0131\u015ft\u0131r\u0131c\u0131 \u00fcretiminde de tercih edilmektedir.<\/p>\n<p><strong>Katran Nas\u0131l Yap\u0131l\u0131r?<\/strong><\/p>\n<p>\u00c7am katran\u0131 \u00e7e\u015fitli \u00e7am t\u00fcrlerinin \u00f6zellikle \u00e7\u0131ral\u0131 k\u00f6k ve g\u00f6vdelerinin havas\u0131z f\u0131r\u0131nlarda yak\u0131lmas\u0131 ile elde edilir. Piroliz ad\u0131 verilen bu i\u015flemle ortaya \u00e7\u0131kan \u00e7am katran\u0131n\u0131n Anadolu d\u0131\u015f\u0131nda d\u00fcnyan\u0131n ba\u015fka b\u00f6lgelerinde de faydalar\u0131 ke\u015ffedilmi\u015ftir.<\/p>\n<p><strong>Katran Nerelerde Kullan\u0131r? Katran Ne \u0130\u015fe Yarar?<\/strong><\/p>\n<p>Ba\u015fl\u0131ca kullan\u0131m alanlar\u0131:<\/p>\n<p><strong>Ah\u015fap koruma:\u00a0<\/strong>Ah\u015fap \u00fczerinde olu\u015fturdu\u011fu film tabakas\u0131 sayesinde UV \u0131\u015f\u0131nlar\u0131n\u0131n ah\u015faba zarar vermesini engeller.<\/p>\n<p><strong>\u0130zolasyon:<\/strong>\u00a0Ah\u015fap \u00fczeri uygulamalarda su izolasyonu sa\u011flar. \u00d6zellikle tekne ve gemi bak\u0131m\u0131 i\u00e7in geleneksel bir \u00fcr\u00fcnd\u00fcr.<\/p>\n<p><strong>Hayvan Sa\u011fl\u0131\u011f\u0131:<\/strong>\u00a0Hayvanlar\u0131n yaralar\u0131n\u0131n tedavisi, uyuz, atlar\u0131n toynak bak\u0131m\u0131, b\u00fcy\u00fckba\u015f hayvanlar\u0131n ayak sa\u011fl\u0131\u011f\u0131, koyun ve ke\u00e7ilerin ba\u011f\u0131rsak ve mide sa\u011fl\u0131\u011f\u0131 gibi alanlarda uzun y\u0131llard\u0131r kullan\u0131lmaktad\u0131r.<\/p>\n<p><strong>Bah\u00e7ecilik:\u00a0<\/strong>A\u015f\u0131 ve budama macunu olarak kullan\u0131l\u0131r.<\/p>\n<p><strong>Ha\u015feratla M\u00fccadele:<\/strong>\u00a0\u00d6zellikle y\u0131lan ve akreplere kar\u015f\u0131 yayd\u0131\u011f\u0131 koku sebebiyle kullan\u0131lmaktad\u0131r.<\/p>\n<p><strong>Kozmetik:<\/strong>\u00a0\u015eampuan ve sabun yap\u0131m\u0131nda \u00f6zellikle son d\u00f6nemde kullan\u0131m\u0131 \u00f6ne \u00e7\u0131kmaktad\u0131r.<\/p>\n<p><strong>Geleneksel T\u0131p: <\/strong>Anadolu\u2019da uzun y\u0131llard\u0131r sedef ve egzema gibi cilt rahats\u0131zl\u0131klar\u0131n\u0131n yan\u0131 s\u0131ra ba\u011f\u0131rsak ve mide sorunlar\u0131n\u0131n tedavisinde kullan\u0131lagelmi\u015ftir.<\/p>\n<p><strong>Neft yada \u0130nce Katran (Sar\u0131 Katran) Nedir?<\/strong><\/p>\n<p>Neft ve \u0130nce Katran olarak da bilinen Sar\u0131 Katran, \u00e7am katran\u0131n bir \u00e7e\u015fididir. Suya damlat\u0131ld\u0131\u011f\u0131nda y\u00fczeyde b\u0131rakt\u0131\u011f\u0131 sar\u0131ms\u0131 renk nedeniyle bu ismi almaktad\u0131r. Piroliz i\u015flemi s\u0131ras\u0131nda olu\u015fan yo\u011fun buhar\u0131n uzun bir so\u011futma t\u00fcnelinden ge\u00e7erek yo\u011fu\u015fmas\u0131yla elde edilir. Yurtd\u0131\u015f\u0131nda katran\u0131n terebentini olarak da bilinir ve standart \u00e7am katran\u0131ndan \u00e7ok daha ak\u0131\u015fkand\u0131r.<\/p>\n<p>Anadolu\u2019da \u00f6zellikle hayvanlar\u0131n sular\u0131na damlat\u0131larak mide ve ba\u011f\u0131rsak sorunlar\u0131yla m\u00fccadelede uzun y\u0131llard\u0131r kullan\u0131lmaktad\u0131r.<\/p>\n<p>\u00c7am katran\u0131 ile ilgili detayl\u0131 bilgi i\u00e7in: https:\/\/www.odunsirkesi.com\/index.php\/urunlerimiz\/cam-katrani\/<\/p>\n<p>T\u00fcm \u00fcr\u00fcnlerimiz i\u00e7in: https:\/\/www.odunsirkesi.com\/index.php\/magaza\/<\/p>\n<p>Kaynak:\u00a0<a href=\"https:\/\/www.researchgate.net\/publication\/261182853_Traditional_Tar_Production_from_the_Anatolian_Black_Pine_P\">https:\/\/www.researchgate.net\/publication\/261182853_Traditional_Tar_Production_from_the_Anatolian_Black_Pine_P<\/a><\/p>\n","protected":false},"excerpt":{"rendered":"<p>Ard\u0131\u00e7 Katran\u0131 Nedir? Katran nas\u0131l yap\u0131l\u0131r? Katran ne i\u015fe yarar? Katran\u0131n faydalar\u0131 nelerdir? Nerelerde kullan\u0131l\u0131r? \u00c7am katran\u0131, sedir katran\u0131 ve ard\u0131\u00e7 katran\u0131 kullan\u0131m alanlar\u0131 nelerdir? Detaylar a\u00e7\u0131klamada\u2026<\/p>\n","protected":false},"featured_media":1854,"comment_status":"open","ping_status":"closed","template":"","meta":{"_acf_changed":false},"product_brand":[],"product_cat":[37],"product_tag":[44,72,115,126,196,207,57,52,68,89,198,194,176,144,143,140,175,91,139,142,90,141,54,58,55,49,51,53,129,75,69,200,97,190,201,191,187,209,195,192,193,189,199,204,86,208,211,202,197,188,47,73,128,182,186,43,88,146,110,119,177,178,148,120,121,118,185,98,145,173,99,147,100,117,85,183,46,78,50,64,45,174,206,70,76,71,93,205,80,116,210,60,203,63,48,59,77,184,67,84,61,62,74,56],"class_list":{"0":"post-1853","1":"product","2":"type-product","3":"status-publish","4":"has-post-thumbnail","6":"product_cat-katranlar","7":"product_tag-agac","8":"product_tag-ahsap","9":"product_tag-andiz-katrani","10":"product_tag-ardic-katrani","11":"product_tag-ardic-katrani-nasil-yapilir","12":"product_tag-ardic-katrani-nerelerde-kullanilir","13":"product_tag-bitki","14":"product_tag-bocek","15":"product_tag-cam","16":"product_tag-cam-katrani","17":"product_tag-cam-katrani-faydalari","18":"product_tag-cam-katrani-faydasi","19":"product_tag-cam-katrani-fiyat","20":"product_tag-cam-katrani-kullanimi","21":"product_tag-cam-katrani-nasil-yapilir","22":"product_tag-cam-katrani-nedir","23":"product_tag-cam-katrani-satis","24":"product_tag-cam-katrani-satisi","25":"product_tag-cam-katrani-toptan","26":"product_tag-cam-katrani-ureticisi","27":"product_tag-cam-katrani-uretimi","28":"product_tag-cam-katrani-yilan","29":"product_tag-dogal","30":"product_tag-domates","31":"product_tag-gubre","32":"product_tag-hayvancilik","33":"product_tag-herbisit","34":"product_tag-ilac","35":"product_tag-ince-katran","36":"product_tag-izolasyon","37":"product_tag-katran","38":"product_tag-katran-faydalari-nelerdir","39":"product_tag-katran-fiyati","40":"product_tag-katran-icilir-mi","41":"product_tag-katran-kilosu-ne-kadar","42":"product_tag-katran-nasil-yapilir","43":"product_tag-katran-ne-ise-yarar","44":"product_tag-katran-nedir","45":"product_tag-katran-nedir-ne-ise-yarar","46":"product_tag-katran-nerede-kullanilir","47":"product_tag-katran-nerede-satilir","48":"product_tag-katran-nerelerde-kullanilir","49":"product_tag-katran-neye-iyi-gelir","50":"product_tag-katran-sabunu","51":"product_tag-katran-uretimi","52":"product_tag-katran-yagi","53":"product_tag-katran-yagi-ne-ise-yarar","54":"product_tag-katran-yapimi","55":"product_tag-katran-yenir-mi","56":"product_tag-katranin-faydalari","57":"product_tag-komur","58":"product_tag-koruma","59":"product_tag-neft","60":"product_tag-odun-ruhu","61":"product_tag-odun-ruhu-nedir","62":"product_tag-odun-sirkesi","63":"product_tag-odun-sirkesi-faydalari","64":"product_tag-odun-sirkesi-fiyat","65":"product_tag-odun-sirkesi-fiyati","66":"product_tag-odun-sirkesi-fiyatlari","67":"product_tag-odun-sirkesi-kullanim-alanlari","68":"product_tag-odun-sirkesi-kullanim-dozu","69":"product_tag-odun-sirkesi-kullanimi","70":"product_tag-odun-sirkesi-nasil-kullanilir","71":"product_tag-odun-sirkesi-ne-ise-yarar","72":"product_tag-odun-sirkesi-nedir","73":"product_tag-odun-sirkesi-nerede-kullanilir","74":"product_tag-odun-sirkesi-satis","75":"product_tag-odun-sirkesi-satisi","76":"product_tag-odun-sirkesi-tarim","77":"product_tag-odun-sirkesi-toptan","78":"product_tag-odun-sirkesi-tuta","79":"product_tag-odun-sirkesi-uretici","80":"product_tag-odun-sirkesi-ureticisi","81":"product_tag-odun-sirkesi-uretimi","82":"product_tag-odun-sirkesi-yapimi","83":"product_tag-organik","84":"product_tag-perakende","85":"product_tag-pestisit","86":"product_tag-pine","87":"product_tag-piroliz","88":"product_tag-piroliz-nedir","89":"product_tag-puse","90":"product_tag-recine","91":"product_tag-saglik","92":"product_tag-sakiz","93":"product_tag-sari-katran","94":"product_tag-sari-katranin-faydalari","95":"product_tag-satis","96":"product_tag-sedir-katrani","97":"product_tag-sedir-katrani-faydalari","98":"product_tag-sera","99":"product_tag-sivi-katran-fiyatlari","100":"product_tag-tar","101":"product_tag-tarim","102":"product_tag-tarla","103":"product_tag-toptan","104":"product_tag-turkuvaz-odun-sirkesi","105":"product_tag-uretici","106":"product_tag-uretim","107":"product_tag-vinegar","108":"product_tag-wood","109":"product_tag-yilan","110":"product_tag-zararlilar","111":"product_shipping_class-katranlar","113":"first","114":"outofstock","115":"sale","116":"shipping-taxable","117":"purchasable","118":"product-type-simple"},"acf":[],"yoast_head":"<!-- This site is optimized with the Yoast SEO Premium plugin v25.7.1 (Yoast SEO v27.5) - https:\/\/yoast.com\/product\/yoast-seo-premium-wordpress\/ -->\n<title>Ard\u0131\u00e7 Katran\u0131 Nedir? Kullan\u0131m Alanlar\u0131 ve Faydalar\u0131 - Odun Sirkesi Resmi Sitesi<\/title>\n<meta name=\"description\" content=\"Ard\u0131\u00e7 katran\u0131 nedir? 100% do\u011fal olarak elde edilen ard\u0131\u00e7 katran\u0131 kozmetik, ar\u0131c\u0131l\u0131k ve insan sa\u011fl\u0131\u011f\u0131 i\u00e7in m\u00fckemmel bir se\u00e7enek. Hemen sat\u0131n al\u0131n!\" \/>\n<meta name=\"robots\" content=\"index, follow, max-snippet:-1, max-image-preview:large, max-video-preview:-1\" \/>\n<link rel=\"canonical\" href=\"https:\/\/www.odunsirkesi.com\/index.php\/urun\/ardic-katrani-1-kg\/\" \/>\n<meta property=\"og:locale\" content=\"tr_TR\" \/>\n<meta property=\"og:type\" content=\"article\" \/>\n<meta property=\"og:title\" content=\"Ard\u0131\u00e7 Katran\u0131 1 KG\" \/>\n<meta property=\"og:description\" content=\"Ard\u0131\u00e7 katran\u0131 nedir? 100% do\u011fal olarak elde edilen ard\u0131\u00e7 katran\u0131 kozmetik, ar\u0131c\u0131l\u0131k ve insan sa\u011fl\u0131\u011f\u0131 i\u00e7in m\u00fckemmel bir se\u00e7enek. Hemen sat\u0131n al\u0131n!\" \/>\n<meta property=\"og:url\" content=\"https:\/\/www.odunsirkesi.com\/index.php\/urun\/ardic-katrani-1-kg\/\" \/>\n<meta property=\"og:site_name\" content=\"Odun Sirkesi Resmi Sitesi\" \/>\n<meta property=\"article:publisher\" content=\"https:\/\/www.facebook.com\/profile.php?id=61562482255849&amp;mibextid=kFxxJD\" \/>\n<meta property=\"article:modified_time\" content=\"2025-08-25T09:59:01+00:00\" \/>\n<meta property=\"og:image\" content=\"https:\/\/www.odunsirkesi.com\/wp-content\/uploads\/2024\/08\/ardic1-scaled.jpg\" \/>\n\t<meta property=\"og:image:width\" content=\"2560\" \/>\n\t<meta property=\"og:image:height\" content=\"2049\" \/>\n\t<meta property=\"og:image:type\" content=\"image\/jpeg\" \/>\n<meta name=\"twitter:card\" content=\"summary_large_image\" \/>\n<meta name=\"twitter:label1\" content=\"Fiyat\" \/>\n\t<meta name=\"twitter:data1\" content=\"&#8378;450,00\" \/>\n\t<meta name=\"twitter:label2\" content=\"Durumu\" \/>\n\t<meta name=\"twitter:data2\" content=\"Stoklar t\u00fckendi\" \/>\n<script type=\"application\/ld+json\" class=\"yoast-schema-graph\">{\"@context\":\"https:\\\/\\\/schema.org\",\"@graph\":[{\"@type\":\"WebPage\",\"@id\":\"https:\\\/\\\/www.odunsirkesi.com\\\/index.php\\\/urun\\\/ardic-katrani-1-kg\\\/\",\"url\":\"https:\\\/\\\/www.odunsirkesi.com\\\/index.php\\\/urun\\\/ardic-katrani-1-kg\\\/\",\"name\":\"Ard\u0131\u00e7 Katran\u0131 Nedir? Kullan\u0131m Alanlar\u0131 ve Faydalar\u0131 - Odun Sirkesi Resmi Sitesi\",\"isPartOf\":{\"@id\":\"https:\\\/\\\/www.odunsirkesi.com\\\/#website\"},\"primaryImageOfPage\":{\"@id\":\"https:\\\/\\\/www.odunsirkesi.com\\\/index.php\\\/urun\\\/ardic-katrani-1-kg\\\/#primaryimage\"},\"image\":{\"@id\":\"https:\\\/\\\/www.odunsirkesi.com\\\/index.php\\\/urun\\\/ardic-katrani-1-kg\\\/#primaryimage\"},\"thumbnailUrl\":\"https:\\\/\\\/www.odunsirkesi.com\\\/wp-content\\\/uploads\\\/2024\\\/08\\\/ardic1-scaled.jpg\",\"datePublished\":\"2024-08-10T07:55:51+00:00\",\"dateModified\":\"2025-08-25T09:59:01+00:00\",\"description\":\"Ard\u0131\u00e7 katran\u0131 nedir? 100% do\u011fal olarak elde edilen ard\u0131\u00e7 katran\u0131 kozmetik, ar\u0131c\u0131l\u0131k ve insan sa\u011fl\u0131\u011f\u0131 i\u00e7in m\u00fckemmel bir se\u00e7enek. Hemen sat\u0131n al\u0131n!\",\"breadcrumb\":{\"@id\":\"https:\\\/\\\/www.odunsirkesi.com\\\/index.php\\\/urun\\\/ardic-katrani-1-kg\\\/#breadcrumb\"},\"inLanguage\":\"tr\",\"potentialAction\":[{\"@type\":\"ReadAction\",\"target\":[\"https:\\\/\\\/www.odunsirkesi.com\\\/index.php\\\/urun\\\/ardic-katrani-1-kg\\\/\"]}]},{\"@type\":\"ImageObject\",\"inLanguage\":\"tr\",\"@id\":\"https:\\\/\\\/www.odunsirkesi.com\\\/index.php\\\/urun\\\/ardic-katrani-1-kg\\\/#primaryimage\",\"url\":\"https:\\\/\\\/www.odunsirkesi.com\\\/wp-content\\\/uploads\\\/2024\\\/08\\\/ardic1-scaled.jpg\",\"contentUrl\":\"https:\\\/\\\/www.odunsirkesi.com\\\/wp-content\\\/uploads\\\/2024\\\/08\\\/ardic1-scaled.jpg\",\"width\":2560,\"height\":2049,\"caption\":\"ard\u0131\u00e7 katran\u0131 1kg\"},{\"@type\":\"BreadcrumbList\",\"@id\":\"https:\\\/\\\/www.odunsirkesi.com\\\/index.php\\\/urun\\\/ardic-katrani-1-kg\\\/#breadcrumb\",\"itemListElement\":[{\"@type\":\"ListItem\",\"position\":1,\"name\":\"Anasayfa\",\"item\":\"https:\\\/\\\/www.odunsirkesi.com\\\/\"},{\"@type\":\"ListItem\",\"position\":2,\"name\":\"Ma\u011faza\",\"item\":\"https:\\\/\\\/www.odunsirkesi.com\\\/index.php\\\/magaza\\\/\"},{\"@type\":\"ListItem\",\"position\":3,\"name\":\"Ard\u0131\u00e7 Katran\u0131 1 KG\"}]},{\"@type\":\"WebSite\",\"@id\":\"https:\\\/\\\/www.odunsirkesi.com\\\/#website\",\"url\":\"https:\\\/\\\/www.odunsirkesi.com\\\/\",\"name\":\"Odun Sirkesi Resmi Sitesi\",\"description\":\"Arakorya Ltd., odun sirkesi, &ccedil;am katran\u0131, odun k&ouml;m&uuml;r&uuml;\",\"publisher\":{\"@id\":\"https:\\\/\\\/www.odunsirkesi.com\\\/#organization\"},\"alternateName\":\"camkatrani.com\",\"potentialAction\":[{\"@type\":\"SearchAction\",\"target\":{\"@type\":\"EntryPoint\",\"urlTemplate\":\"https:\\\/\\\/www.odunsirkesi.com\\\/?s={search_term_string}\"},\"query-input\":{\"@type\":\"PropertyValueSpecification\",\"valueRequired\":true,\"valueName\":\"search_term_string\"}}],\"inLanguage\":\"tr\"},{\"@type\":\"Organization\",\"@id\":\"https:\\\/\\\/www.odunsirkesi.com\\\/#organization\",\"name\":\"Odun Sirkesi Resmi Sitesi\",\"alternateName\":\"Arakorya Ltd. \u015eti\",\"url\":\"https:\\\/\\\/www.odunsirkesi.com\\\/\",\"logo\":{\"@type\":\"ImageObject\",\"inLanguage\":\"tr\",\"@id\":\"https:\\\/\\\/www.odunsirkesi.com\\\/#\\\/schema\\\/logo\\\/image\\\/\",\"url\":\"https:\\\/\\\/www.odunsirkesi.com\\\/wp-content\\\/uploads\\\/2024\\\/06\\\/Arakorya_odun_logo_seo.jpg\",\"contentUrl\":\"https:\\\/\\\/www.odunsirkesi.com\\\/wp-content\\\/uploads\\\/2024\\\/06\\\/Arakorya_odun_logo_seo.jpg\",\"width\":696,\"height\":696,\"caption\":\"Odun Sirkesi Resmi Sitesi\"},\"image\":{\"@id\":\"https:\\\/\\\/www.odunsirkesi.com\\\/#\\\/schema\\\/logo\\\/image\\\/\"},\"sameAs\":[\"https:\\\/\\\/www.facebook.com\\\/profile.php?id=61562482255849&mibextid=kFxxJD\",\"https:\\\/\\\/www.youtube.com\\\/channel\\\/UCEnrnsqgR0CZm6j3-cIqblg\"],\"description\":\"Arakorya Ltd. odun sirkesi, \u00e7am katran\u0131 ve odun k\u00f6m\u00fcr\u00fc \u00fcretimi, toptan ve perakende sat\u0131\u015f\u0131n\u0131 yapmaktad\u0131r.\",\"email\":\"info@odunsirkesi.com\",\"telephone\":\"+90 532 4230705\",\"legalName\":\"Arakorya Ltd.\",\"foundingDate\":\"2020-01-01\",\"taxID\":\"0710789751\",\"numberOfEmployees\":{\"@type\":\"QuantitativeValue\",\"minValue\":\"1\",\"maxValue\":\"10\"}}]}<\/script>\n<meta property=\"product:price:amount\" content=\"450.00\" \/>\n<meta property=\"product:price:currency\" content=\"TRY\" \/>\n<meta property=\"og:availability\" content=\"out of stock\" \/>\n<meta property=\"product:availability\" content=\"out of stock\" \/>\n<meta property=\"product:retailer_item_id\" content=\"ardc-1\" \/>\n<meta property=\"product:condition\" content=\"new\" \/>\n<!-- \/ Yoast SEO Premium plugin. -->","yoast_head_json":{"title":"Ard\u0131\u00e7 Katran\u0131 Nedir? Kullan\u0131m Alanlar\u0131 ve Faydalar\u0131 - Odun Sirkesi Resmi Sitesi","description":"Ard\u0131\u00e7 katran\u0131 nedir? 100% do\u011fal olarak elde edilen ard\u0131\u00e7 katran\u0131 kozmetik, ar\u0131c\u0131l\u0131k ve insan sa\u011fl\u0131\u011f\u0131 i\u00e7in m\u00fckemmel bir se\u00e7enek. Hemen sat\u0131n al\u0131n!","robots":{"index":"index","follow":"follow","max-snippet":"max-snippet:-1","max-image-preview":"max-image-preview:large","max-video-preview":"max-video-preview:-1"},"canonical":"https:\/\/www.odunsirkesi.com\/index.php\/urun\/ardic-katrani-1-kg\/","og_locale":"tr_TR","og_type":"article","og_title":"Ard\u0131\u00e7 Katran\u0131 1 KG","og_description":"Ard\u0131\u00e7 katran\u0131 nedir? 100% do\u011fal olarak elde edilen ard\u0131\u00e7 katran\u0131 kozmetik, ar\u0131c\u0131l\u0131k ve insan sa\u011fl\u0131\u011f\u0131 i\u00e7in m\u00fckemmel bir se\u00e7enek. Hemen sat\u0131n al\u0131n!","og_url":"https:\/\/www.odunsirkesi.com\/index.php\/urun\/ardic-katrani-1-kg\/","og_site_name":"Odun Sirkesi Resmi Sitesi","article_publisher":"https:\/\/www.facebook.com\/profile.php?id=61562482255849&mibextid=kFxxJD","article_modified_time":"2025-08-25T09:59:01+00:00","og_image":[{"width":2560,"height":2049,"url":"https:\/\/www.odunsirkesi.com\/wp-content\/uploads\/2024\/08\/ardic1-scaled.jpg","type":"image\/jpeg"}],"twitter_card":"summary_large_image","twitter_misc":{"Fiyat":"&#8378;450,00","Durumu":"Stoklar t\u00fckendi"},"schema":{"@context":"https:\/\/schema.org","@graph":[{"@type":"WebPage","@id":"https:\/\/www.odunsirkesi.com\/index.php\/urun\/ardic-katrani-1-kg\/","url":"https:\/\/www.odunsirkesi.com\/index.php\/urun\/ardic-katrani-1-kg\/","name":"Ard\u0131\u00e7 Katran\u0131 Nedir? Kullan\u0131m Alanlar\u0131 ve Faydalar\u0131 - Odun Sirkesi Resmi Sitesi","isPartOf":{"@id":"https:\/\/www.odunsirkesi.com\/#website"},"primaryImageOfPage":{"@id":"https:\/\/www.odunsirkesi.com\/index.php\/urun\/ardic-katrani-1-kg\/#primaryimage"},"image":{"@id":"https:\/\/www.odunsirkesi.com\/index.php\/urun\/ardic-katrani-1-kg\/#primaryimage"},"thumbnailUrl":"https:\/\/www.odunsirkesi.com\/wp-content\/uploads\/2024\/08\/ardic1-scaled.jpg","datePublished":"2024-08-10T07:55:51+00:00","dateModified":"2025-08-25T09:59:01+00:00","description":"Ard\u0131\u00e7 katran\u0131 nedir? 100% do\u011fal olarak elde edilen ard\u0131\u00e7 katran\u0131 kozmetik, ar\u0131c\u0131l\u0131k ve insan sa\u011fl\u0131\u011f\u0131 i\u00e7in m\u00fckemmel bir se\u00e7enek. Hemen sat\u0131n al\u0131n!","breadcrumb":{"@id":"https:\/\/www.odunsirkesi.com\/index.php\/urun\/ardic-katrani-1-kg\/#breadcrumb"},"inLanguage":"tr","potentialAction":[{"@type":"ReadAction","target":["https:\/\/www.odunsirkesi.com\/index.php\/urun\/ardic-katrani-1-kg\/"]}]},{"@type":"ImageObject","inLanguage":"tr","@id":"https:\/\/www.odunsirkesi.com\/index.php\/urun\/ardic-katrani-1-kg\/#primaryimage","url":"https:\/\/www.odunsirkesi.com\/wp-content\/uploads\/2024\/08\/ardic1-scaled.jpg","contentUrl":"https:\/\/www.odunsirkesi.com\/wp-content\/uploads\/2024\/08\/ardic1-scaled.jpg","width":2560,"height":2049,"caption":"ard\u0131\u00e7 katran\u0131 1kg"},{"@type":"BreadcrumbList","@id":"https:\/\/www.odunsirkesi.com\/index.php\/urun\/ardic-katrani-1-kg\/#breadcrumb","itemListElement":[{"@type":"ListItem","position":1,"name":"Anasayfa","item":"https:\/\/www.odunsirkesi.com\/"},{"@type":"ListItem","position":2,"name":"Ma\u011faza","item":"https:\/\/www.odunsirkesi.com\/index.php\/magaza\/"},{"@type":"ListItem","position":3,"name":"Ard\u0131\u00e7 Katran\u0131 1 KG"}]},{"@type":"WebSite","@id":"https:\/\/www.odunsirkesi.com\/#website","url":"https:\/\/www.odunsirkesi.com\/","name":"Odun Sirkesi Resmi Sitesi","description":"Arakorya Ltd., odun sirkesi, &ccedil;am katran\u0131, odun k&ouml;m&uuml;r&uuml;","publisher":{"@id":"https:\/\/www.odunsirkesi.com\/#organization"},"alternateName":"camkatrani.com","potentialAction":[{"@type":"SearchAction","target":{"@type":"EntryPoint","urlTemplate":"https:\/\/www.odunsirkesi.com\/?s={search_term_string}"},"query-input":{"@type":"PropertyValueSpecification","valueRequired":true,"valueName":"search_term_string"}}],"inLanguage":"tr"},{"@type":"Organization","@id":"https:\/\/www.odunsirkesi.com\/#organization","name":"Odun Sirkesi Resmi Sitesi","alternateName":"Arakorya Ltd. \u015eti","url":"https:\/\/www.odunsirkesi.com\/","logo":{"@type":"ImageObject","inLanguage":"tr","@id":"https:\/\/www.odunsirkesi.com\/#\/schema\/logo\/image\/","url":"https:\/\/www.odunsirkesi.com\/wp-content\/uploads\/2024\/06\/Arakorya_odun_logo_seo.jpg","contentUrl":"https:\/\/www.odunsirkesi.com\/wp-content\/uploads\/2024\/06\/Arakorya_odun_logo_seo.jpg","width":696,"height":696,"caption":"Odun Sirkesi Resmi Sitesi"},"image":{"@id":"https:\/\/www.odunsirkesi.com\/#\/schema\/logo\/image\/"},"sameAs":["https:\/\/www.facebook.com\/profile.php?id=61562482255849&mibextid=kFxxJD","https:\/\/www.youtube.com\/channel\/UCEnrnsqgR0CZm6j3-cIqblg"],"description":"Arakorya Ltd. odun sirkesi, \u00e7am katran\u0131 ve odun k\u00f6m\u00fcr\u00fc \u00fcretimi, toptan ve perakende sat\u0131\u015f\u0131n\u0131 yapmaktad\u0131r.","email":"info@odunsirkesi.com","telephone":"+90 532 4230705","legalName":"Arakorya Ltd.","foundingDate":"2020-01-01","taxID":"0710789751","numberOfEmployees":{"@type":"QuantitativeValue","minValue":"1","maxValue":"10"}}]},"product_price_amount":"450.00","product_price_currency":"TRY","og_availability":"out of stock","product_availability":"out of stock","product_retailer_item_id":"ardc-1","product_condition":"new"},"_links":{"self":[{"href":"https:\/\/www.odunsirkesi.com\/index.php\/wp-json\/wp\/v2\/product\/1853","targetHints":{"allow":["GET"]}}],"collection":[{"href":"https:\/\/www.odunsirkesi.com\/index.php\/wp-json\/wp\/v2\/product"}],"about":[{"href":"https:\/\/www.odunsirkesi.com\/index.php\/wp-json\/wp\/v2\/types\/product"}],"replies":[{"embeddable":true,"href":"https:\/\/www.odunsirkesi.com\/index.php\/wp-json\/wp\/v2\/comments?post=1853"}],"wp:featuredmedia":[{"embeddable":true,"href":"https:\/\/www.odunsirkesi.com\/index.php\/wp-json\/wp\/v2\/media\/1854"}],"wp:attachment":[{"href":"https:\/\/www.odunsirkesi.com\/index.php\/wp-json\/wp\/v2\/media?parent=1853"}],"wp:term":[{"taxonomy":"product_brand","embeddable":true,"href":"https:\/\/www.odunsirkesi.com\/index.php\/wp-json\/wp\/v2\/product_brand?post=1853"},{"taxonomy":"product_cat","embeddable":true,"href":"https:\/\/www.odunsirkesi.com\/index.php\/wp-json\/wp\/v2\/product_cat?post=1853"},{"taxonomy":"product_tag","embeddable":true,"href":"https:\/\/www.odunsirkesi.com\/index.php\/wp-json\/wp\/v2\/product_tag?post=1853"}],"curies":[{"name":"wp","href":"https:\/\/api.w.org\/{rel}","templated":true}]}}