{"id":1733,"date":"2024-07-23T19:33:46","date_gmt":"2024-07-23T16:33:46","guid":{"rendered":"https:\/\/www.odunsirkesi.com\/?post_type=product&#038;p=1733"},"modified":"2026-02-06T17:57:14","modified_gmt":"2026-02-06T14:57:14","slug":"odun-sirkesi-5-lt","status":"publish","type":"product","link":"https:\/\/www.odunsirkesi.com\/index.php\/urun\/odun-sirkesi-5-lt\/","title":{"rendered":"Arakorya Odun Sirkesi 5 LT"},"content":{"rendered":"<p>Arakorya Ltd., T\u00fcrkiye&#8217;de odun sirkesi sat\u0131\u015f\u0131 ve \u00fcretimi konusunda \u00f6nc\u00fc bir firmad\u0131r. Kendi \u00fcretimimizden ald\u0131\u011f\u0131m\u0131z g\u00fc\u00e7le odun sirkesi fiyat\u0131 ve tedari\u011finde kaliteyi \u00f6n planda tutarak sizlere en iyi hizmeti vermek i\u00e7in \u00e7al\u0131\u015fmaktay\u0131z.<\/p>\n<p><strong>Odun Sirkesi Nedir?<\/strong><\/p>\n<p>Odun Sirkesi (odun ruhu) odunun k\u00f6m\u00fcre d\u00f6n\u00fc\u015ft\u00fcr\u00fclmesi i\u00e7in uygulanan piroliz i\u015flemi s\u0131ras\u0131nda ortaya \u00e7\u0131kan do\u011fal bir \u00fcr\u00fcnd\u00fcr. \u0130\u00e7eri\u011findeki asitler ve mineraller sayesinde tar\u0131m ve hayvanc\u0131l\u0131ktan genel sa\u011fl\u0131k ve temizli\u011fe kadar geni\u015f bir kullan\u0131m yelpazesi sunar.<\/p>\n<p><strong>Odun Sirkesi Nas\u0131l Yap\u0131l\u0131r?<\/strong><\/p>\n<p>Se\u00e7ilen odun, k\u00fc\u00e7\u00fck par\u00e7alara kesilerek piroliz i\u015flemi i\u00e7in haz\u0131rlan\u0131r. Bu, odunun daha h\u0131zl\u0131 ve verimli bir \u015fekilde \u0131s\u0131t\u0131lmas\u0131n\u0131 sa\u011flar.<\/p>\n<p>Haz\u0131rlanan odun par\u00e7alar\u0131, oksijen k\u0131s\u0131tl\u0131 bir ortamda y\u00fcksek s\u0131cakl\u0131kta (genellikle 300-600 \u00b0C) \u0131s\u0131t\u0131l\u0131r. Piroliz ad\u0131 verilen bu i\u015flem, odunun i\u00e7indeki u\u00e7ucu bile\u015fenlerin sal\u0131nmas\u0131n\u0131 sa\u011flar ve odun sirkesinin temel bile\u015fenlerini olu\u015fturur.<\/p>\n<p>Piroliz s\u0131ras\u0131nda sal\u0131nan buharlar, bir kondensasyon \u00fcnitesinde so\u011futulur. So\u011futulan buhar, s\u0131v\u0131 hale ge\u00e7erek odun sirkesini olu\u015fturur.<\/p>\n<p><strong>Odun Sirkesi Kullan\u0131m Alanlar\u0131 ve Odun Sirkesinin Faydalar\u0131<\/strong><\/p>\n<div class=\"fusion-title title fusion-title-2 fusion-sep-none fusion-title-center fusion-title-text fusion-title-size-three\">\n<h3 class=\"fusion-title-heading title-heading-center fusion-responsive-typography-calculated\">Bah\u00e7e ve Bitkiler \u0130\u00e7in<\/h3>\n<\/div>\n<div class=\"fusion-text fusion-text-4\">\n<p>Odun sirkesi, organik tar\u0131mda yayg\u0131n olarak kullan\u0131lan do\u011fal bir \u00fcr\u00fcn olup, bitki sa\u011fl\u0131\u011f\u0131n\u0131 ve verimlili\u011fini art\u0131rmak i\u00e7in idealdir. G\u00fcbre ve kimyasal ila\u00e7 kullan\u0131m\u0131n\u0131 %50 oran\u0131nda azalt\u0131r, k\u00f6kleri g\u00fc\u00e7lendirir ve b\u00fcy\u00fct\u00fcr, ekim \u00f6ncesi tohumlar\u0131n \u00e7imlenmesini art\u0131r\u0131r. Ayr\u0131ca, topra\u011f\u0131n besin ve mikrobiyoloji n\u00fcfusunu d\u00fczenleyerek hastal\u0131klara kar\u015f\u0131 direnci art\u0131r\u0131r ve b\u00f6cek ile mantarlara kar\u015f\u0131 do\u011fal bir koruma sa\u011flar. K\u00f6klerin topra\u011fa daha s\u0131k\u0131 ge\u00e7mesini sa\u011flar. Meyvelerde lezzet ve \u015feker i\u00e7eri\u011fini artt\u0131r\u0131r. Kompost yap\u0131m\u0131n\u0131 h\u0131zland\u0131r\u0131r.<\/p>\n<div class=\"fusion-title title fusion-title-3 fusion-sep-none fusion-title-center fusion-title-text fusion-title-size-three\">\n<h3 class=\"fusion-title-heading title-heading-center fusion-responsive-typography-calculated\">K\u00fcmes ve Besi Hayvanlar\u0131 \u0130\u00e7in<\/h3>\n<\/div>\n<div class=\"fusion-text fusion-text-5\">\n<p>K\u00fcmes hayvanlar\u0131 ve besi hayvanlar\u0131 i\u00e7in odun sirkesi, besin takviyesi olarak kullan\u0131labilir. K\u00fcmes hayvanlar\u0131nda salmonella bakterisini yok ederek, yumurtlama ve b\u00fcy\u00fcmeyi destekler. K\u00fcmes temizli\u011finde etkili olarak kullan\u0131l\u0131r.<br \/>\n\u0130neklerde et kalitesini art\u0131r\u0131r, s\u00fct verme ve beslenme konusunda iyile\u015fmeler sa\u011flar. Ah\u0131r ve k\u00fcmeslerde koku ve sinek pop\u00fclasyonunu bast\u0131rmakta kullan\u0131l\u0131r.<\/p>\n<div class=\"fusion-title title fusion-title-4 fusion-sep-none fusion-title-center fusion-title-text fusion-title-size-three\">\n<h3 class=\"fusion-title-heading title-heading-center fusion-responsive-typography-calculated\">Temizlik ve Genel Sa\u011fl\u0131k i\u00e7in<\/h3>\n<\/div>\n<div class=\"fusion-text fusion-text-6\">\n<p>G\u00fcnl\u00fck hayat\u0131m\u0131zda kar\u015f\u0131la\u015ft\u0131\u011f\u0131m\u0131z tuvalet ve foseptik kokusu i\u00e7in do\u011fal bir \u00e7\u00f6z\u00fcmd\u00fcr. \u015eehir hayat\u0131nda kar\u015f\u0131m\u0131za \u00e7\u0131kan ve hayat kalitesini olumsuz y\u00f6nde etkileyen foseptik ve kanalizasyon kokusu i\u00e7in yine su ile kar\u0131\u015ft\u0131r\u0131larak kullan\u0131labilir.<\/p>\n<p><strong>Odun Sirkesi Nas\u0131l Kullan\u0131l\u0131r?<\/strong><\/p>\n<\/div>\n<p>Kullan\u0131m alan\u0131na ba\u011fl\u0131 olarak farkl\u0131 oranlarda su ile seyreltilerek uygulan\u0131r. Tar\u0131mda 1:100-1:300 aras\u0131 seyreltilerek yapraktan p\u00fcsk\u00fcrtme, topraktan 1 dekara 2 lt olarak uygulan\u0131r.<\/p>\n<p>Odun sirkesi fiyatlar\u0131 ve sat\u0131\u015f\u0131 i\u00e7in \u00fcr\u00fcn\u00fc inceleyebilirsiniz.<\/p>\n<\/div>\n<\/div>\n<p>T\u00fcm \u00dcr\u00fcnlerimiz i\u00e7in: https:\/\/www.odunsirkesi.com\/index.php\/magaza\/<\/p>\n","protected":false},"excerpt":{"rendered":"<p>Do\u011fal Odun Sirkesi 5 litre<\/p>\n","protected":false},"featured_media":1755,"comment_status":"open","ping_status":"closed","template":"","meta":{"_acf_changed":false},"product_brand":[],"product_cat":[36,42],"product_tag":[44,72,115,126,196,207,57,52,68,89,198,194,176,144,143,175,90,54,58,138,55,49,51,131,53,129,75,69,200,97,190,201,130,191,187,209,195,192,193,189,199,204,127,106,86,208,211,202,197,188,136,47,73,134,128,123,182,186,43,88,110,119,101,177,178,148,120,181,121,118,185,98,173,125,99,122,147,100,85,183,124,46,78,50,64,45,174,133,206,70,76,71,93,205,80,116,210,60,135,203,63,48,59,132,77,184,67,61,62,74,137,56],"class_list":{"0":"post-1733","1":"product","2":"type-product","3":"status-publish","4":"has-post-thumbnail","6":"product_cat-genel","7":"product_cat-odun-sirkesi","8":"product_tag-agac","9":"product_tag-ahsap","10":"product_tag-andiz-katrani","11":"product_tag-ardic-katrani","12":"product_tag-ardic-katrani-nasil-yapilir","13":"product_tag-ardic-katrani-nerelerde-kullanilir","14":"product_tag-bitki","15":"product_tag-bocek","16":"product_tag-cam","17":"product_tag-cam-katrani","18":"product_tag-cam-katrani-faydalari","19":"product_tag-cam-katrani-faydasi","20":"product_tag-cam-katrani-fiyat","21":"product_tag-cam-katrani-kullanimi","22":"product_tag-cam-katrani-nasil-yapilir","23":"product_tag-cam-katrani-satis","24":"product_tag-cam-katrani-uretimi","25":"product_tag-dogal","26":"product_tag-domates","27":"product_tag-fungusit","28":"product_tag-gubre","29":"product_tag-hayvancilik","30":"product_tag-herbisit","31":"product_tag-ihracat","32":"product_tag-ilac","33":"product_tag-ince-katran","34":"product_tag-izolasyon","35":"product_tag-katran","36":"product_tag-katran-faydalari-nelerdir","37":"product_tag-katran-fiyati","38":"product_tag-katran-icilir-mi","39":"product_tag-katran-kilosu-ne-kadar","40":"product_tag-katran-kullanimi","41":"product_tag-katran-nasil-yapilir","42":"product_tag-katran-ne-ise-yarar","43":"product_tag-katran-nedir","44":"product_tag-katran-nedir-ne-ise-yarar","45":"product_tag-katran-nerede-kullanilir","46":"product_tag-katran-nerede-satilir","47":"product_tag-katran-nerelerde-kullanilir","48":"product_tag-katran-neye-iyi-gelir","49":"product_tag-katran-sabunu","50":"product_tag-katran-satisi","51":"product_tag-katran-terebentin","52":"product_tag-katran-uretimi","53":"product_tag-katran-yagi","54":"product_tag-katran-yagi-ne-ise-yarar","55":"product_tag-katran-yapimi","56":"product_tag-katran-yenir-mi","57":"product_tag-katranin-faydalari","58":"product_tag-koku-giderici","59":"product_tag-komur","60":"product_tag-koruma","61":"product_tag-mantar-ilaci","62":"product_tag-neft","63":"product_tag-odun-perakende","64":"product_tag-odun-ruhu","65":"product_tag-odun-ruhu-nedir","66":"product_tag-odun-sirkesi","67":"product_tag-odun-sirkesi-faydalari","68":"product_tag-odun-sirkesi-fiyati","69":"product_tag-odun-sirkesi-fiyatlari","70":"product_tag-odun-sirkesi-imalat","71":"product_tag-odun-sirkesi-kullanim-alanlari","72":"product_tag-odun-sirkesi-kullanim-dozu","73":"product_tag-odun-sirkesi-kullanimi","74":"product_tag-odun-sirkesi-nasil-kullanilir","75":"product_tag-odun-sirkesi-nasil-yapilir","76":"product_tag-odun-sirkesi-ne-ise-yarar","77":"product_tag-odun-sirkesi-nedir","78":"product_tag-odun-sirkesi-nerede-kullanilir","79":"product_tag-odun-sirkesi-satis","80":"product_tag-odun-sirkesi-tarim","81":"product_tag-odun-sirkesi-tarimda-kullanimi","82":"product_tag-odun-sirkesi-toptan","83":"product_tag-odun-sirkesi-toptan-satis","84":"product_tag-odun-sirkesi-tuta","85":"product_tag-odun-sirkesi-uretici","86":"product_tag-odun-sirkesi-uretimi","87":"product_tag-odun-sirkesi-yapimi","88":"product_tag-odun-sirkesi-yararlari","89":"product_tag-organik","90":"product_tag-perakende","91":"product_tag-pestisit","92":"product_tag-pine","93":"product_tag-piroliz","94":"product_tag-piroliz-nedir","95":"product_tag-piroliz-sivisi","96":"product_tag-puse","97":"product_tag-recine","98":"product_tag-saglik","99":"product_tag-sakiz","100":"product_tag-sari-katran","101":"product_tag-sari-katranin-faydalari","102":"product_tag-satis","103":"product_tag-sedir-katrani","104":"product_tag-sedir-katrani-faydalari","105":"product_tag-sera","106":"product_tag-sinek-kovucu","107":"product_tag-sivi-katran-fiyatlari","108":"product_tag-tar","109":"product_tag-tarim","110":"product_tag-tarla","111":"product_tag-terebentin","112":"product_tag-toptan","113":"product_tag-turkuvaz-odun-sirkesi","114":"product_tag-uretici","115":"product_tag-vinegar","116":"product_tag-wood","117":"product_tag-yilan","118":"product_tag-yilan-kovucu","119":"product_tag-zararlilar","120":"product_shipping_class-katranlar","122":"first","123":"instock","124":"sale","125":"taxable","126":"shipping-taxable","127":"purchasable","128":"product-type-simple"},"acf":[],"yoast_head":"<!-- This site is optimized with the Yoast SEO Premium plugin v25.7.1 (Yoast SEO v27.5) - https:\/\/yoast.com\/product\/yoast-seo-premium-wordpress\/ -->\n<title>Odun Sirkesi Fiyat\u0131 Nedir? - Odun Sirkesi Resmi Sitesi<\/title>\n<meta name=\"description\" content=\"En iyi odun sirkesi fiyat\u0131 ve kalitesi ile Arakorya Ltd. do\u011fal sorunlara do\u011fal \u00e7\u00f6z\u00fcmler bulman\u0131zda size yard\u0131mc\u0131 olur. Odun sirkesi nas\u0131l yap\u0131l\u0131r? \u0130nceleyin\" \/>\n<meta name=\"robots\" content=\"index, follow, max-snippet:-1, max-image-preview:large, max-video-preview:-1\" \/>\n<link rel=\"canonical\" href=\"https:\/\/www.odunsirkesi.com\/index.php\/urun\/odun-sirkesi-5-lt\/\" \/>\n<meta property=\"og:locale\" content=\"tr_TR\" \/>\n<meta property=\"og:type\" content=\"article\" \/>\n<meta property=\"og:title\" content=\"Arakorya Odun Sirkesi 5 LT\" \/>\n<meta property=\"og:description\" content=\"En iyi odun sirkesi fiyat\u0131 ve kalitesi ile Arakorya Ltd. do\u011fal sorunlara do\u011fal \u00e7\u00f6z\u00fcmler bulman\u0131zda size yard\u0131mc\u0131 olur. Odun sirkesi nas\u0131l yap\u0131l\u0131r? \u0130nceleyin\" \/>\n<meta property=\"og:url\" content=\"https:\/\/www.odunsirkesi.com\/index.php\/urun\/odun-sirkesi-5-lt\/\" \/>\n<meta property=\"og:site_name\" content=\"Odun Sirkesi Resmi Sitesi\" \/>\n<meta property=\"article:publisher\" content=\"https:\/\/www.facebook.com\/profile.php?id=61562482255849&amp;mibextid=kFxxJD\" \/>\n<meta property=\"article:modified_time\" content=\"2026-02-06T14:57:14+00:00\" \/>\n<meta property=\"og:image\" content=\"https:\/\/www.odunsirkesi.com\/wp-content\/uploads\/2024\/07\/odunsirkesi5ltrs-scaled.jpg\" \/>\n\t<meta property=\"og:image:width\" content=\"2560\" \/>\n\t<meta property=\"og:image:height\" content=\"2175\" \/>\n\t<meta property=\"og:image:type\" content=\"image\/jpeg\" \/>\n<meta name=\"twitter:card\" content=\"summary_large_image\" \/>\n<meta name=\"twitter:label1\" content=\"Fiyat\" \/>\n\t<meta name=\"twitter:data1\" content=\"&#8378;850,00\" \/>\n\t<meta name=\"twitter:label2\" content=\"Durumu\" \/>\n\t<meta name=\"twitter:data2\" content=\"Stokta var\" \/>\n<script type=\"application\/ld+json\" class=\"yoast-schema-graph\">{\"@context\":\"https:\\\/\\\/schema.org\",\"@graph\":[{\"@type\":\"WebPage\",\"@id\":\"https:\\\/\\\/www.odunsirkesi.com\\\/index.php\\\/urun\\\/odun-sirkesi-5-lt\\\/\",\"url\":\"https:\\\/\\\/www.odunsirkesi.com\\\/index.php\\\/urun\\\/odun-sirkesi-5-lt\\\/\",\"name\":\"Odun Sirkesi Fiyat\u0131 Nedir? - Odun Sirkesi Resmi Sitesi\",\"isPartOf\":{\"@id\":\"https:\\\/\\\/www.odunsirkesi.com\\\/#website\"},\"primaryImageOfPage\":{\"@id\":\"https:\\\/\\\/www.odunsirkesi.com\\\/index.php\\\/urun\\\/odun-sirkesi-5-lt\\\/#primaryimage\"},\"image\":{\"@id\":\"https:\\\/\\\/www.odunsirkesi.com\\\/index.php\\\/urun\\\/odun-sirkesi-5-lt\\\/#primaryimage\"},\"thumbnailUrl\":\"https:\\\/\\\/www.odunsirkesi.com\\\/wp-content\\\/uploads\\\/2024\\\/07\\\/odunsirkesi5ltrs-scaled.jpg\",\"datePublished\":\"2024-07-23T16:33:46+00:00\",\"dateModified\":\"2026-02-06T14:57:14+00:00\",\"description\":\"En iyi odun sirkesi fiyat\u0131 ve kalitesi ile Arakorya Ltd. do\u011fal sorunlara do\u011fal \u00e7\u00f6z\u00fcmler bulman\u0131zda size yard\u0131mc\u0131 olur. Odun sirkesi nas\u0131l yap\u0131l\u0131r? \u0130nceleyin\",\"breadcrumb\":{\"@id\":\"https:\\\/\\\/www.odunsirkesi.com\\\/index.php\\\/urun\\\/odun-sirkesi-5-lt\\\/#breadcrumb\"},\"inLanguage\":\"tr\",\"potentialAction\":[{\"@type\":\"ReadAction\",\"target\":[\"https:\\\/\\\/www.odunsirkesi.com\\\/index.php\\\/urun\\\/odun-sirkesi-5-lt\\\/\"]}]},{\"@type\":\"ImageObject\",\"inLanguage\":\"tr\",\"@id\":\"https:\\\/\\\/www.odunsirkesi.com\\\/index.php\\\/urun\\\/odun-sirkesi-5-lt\\\/#primaryimage\",\"url\":\"https:\\\/\\\/www.odunsirkesi.com\\\/wp-content\\\/uploads\\\/2024\\\/07\\\/odunsirkesi5ltrs-scaled.jpg\",\"contentUrl\":\"https:\\\/\\\/www.odunsirkesi.com\\\/wp-content\\\/uploads\\\/2024\\\/07\\\/odunsirkesi5ltrs-scaled.jpg\",\"width\":2560,\"height\":2175,\"caption\":\"odun sirkesi 5 litre\"},{\"@type\":\"BreadcrumbList\",\"@id\":\"https:\\\/\\\/www.odunsirkesi.com\\\/index.php\\\/urun\\\/odun-sirkesi-5-lt\\\/#breadcrumb\",\"itemListElement\":[{\"@type\":\"ListItem\",\"position\":1,\"name\":\"Anasayfa\",\"item\":\"https:\\\/\\\/www.odunsirkesi.com\\\/\"},{\"@type\":\"ListItem\",\"position\":2,\"name\":\"Ma\u011faza\",\"item\":\"https:\\\/\\\/www.odunsirkesi.com\\\/index.php\\\/magaza\\\/\"},{\"@type\":\"ListItem\",\"position\":3,\"name\":\"Arakorya Odun Sirkesi 5 LT\"}]},{\"@type\":\"WebSite\",\"@id\":\"https:\\\/\\\/www.odunsirkesi.com\\\/#website\",\"url\":\"https:\\\/\\\/www.odunsirkesi.com\\\/\",\"name\":\"Odun Sirkesi Resmi Sitesi\",\"description\":\"Arakorya Ltd., odun sirkesi, &ccedil;am katran\u0131, odun k&ouml;m&uuml;r&uuml;\",\"publisher\":{\"@id\":\"https:\\\/\\\/www.odunsirkesi.com\\\/#organization\"},\"alternateName\":\"camkatrani.com\",\"potentialAction\":[{\"@type\":\"SearchAction\",\"target\":{\"@type\":\"EntryPoint\",\"urlTemplate\":\"https:\\\/\\\/www.odunsirkesi.com\\\/?s={search_term_string}\"},\"query-input\":{\"@type\":\"PropertyValueSpecification\",\"valueRequired\":true,\"valueName\":\"search_term_string\"}}],\"inLanguage\":\"tr\"},{\"@type\":\"Organization\",\"@id\":\"https:\\\/\\\/www.odunsirkesi.com\\\/#organization\",\"name\":\"Odun Sirkesi Resmi Sitesi\",\"alternateName\":\"Arakorya Ltd. \u015eti\",\"url\":\"https:\\\/\\\/www.odunsirkesi.com\\\/\",\"logo\":{\"@type\":\"ImageObject\",\"inLanguage\":\"tr\",\"@id\":\"https:\\\/\\\/www.odunsirkesi.com\\\/#\\\/schema\\\/logo\\\/image\\\/\",\"url\":\"https:\\\/\\\/www.odunsirkesi.com\\\/wp-content\\\/uploads\\\/2024\\\/06\\\/Arakorya_odun_logo_seo.jpg\",\"contentUrl\":\"https:\\\/\\\/www.odunsirkesi.com\\\/wp-content\\\/uploads\\\/2024\\\/06\\\/Arakorya_odun_logo_seo.jpg\",\"width\":696,\"height\":696,\"caption\":\"Odun Sirkesi Resmi Sitesi\"},\"image\":{\"@id\":\"https:\\\/\\\/www.odunsirkesi.com\\\/#\\\/schema\\\/logo\\\/image\\\/\"},\"sameAs\":[\"https:\\\/\\\/www.facebook.com\\\/profile.php?id=61562482255849&mibextid=kFxxJD\",\"https:\\\/\\\/www.youtube.com\\\/channel\\\/UCEnrnsqgR0CZm6j3-cIqblg\"],\"description\":\"Arakorya Ltd. odun sirkesi, \u00e7am katran\u0131 ve odun k\u00f6m\u00fcr\u00fc \u00fcretimi, toptan ve perakende sat\u0131\u015f\u0131n\u0131 yapmaktad\u0131r.\",\"email\":\"info@odunsirkesi.com\",\"telephone\":\"+90 532 4230705\",\"legalName\":\"Arakorya Ltd.\",\"foundingDate\":\"2020-01-01\",\"taxID\":\"0710789751\",\"numberOfEmployees\":{\"@type\":\"QuantitativeValue\",\"minValue\":\"1\",\"maxValue\":\"10\"}}]}<\/script>\n<meta property=\"product:price:amount\" content=\"850.00\" \/>\n<meta property=\"product:price:currency\" content=\"TRY\" \/>\n<meta property=\"og:availability\" content=\"instock\" \/>\n<meta property=\"product:availability\" content=\"instock\" \/>\n<meta property=\"product:retailer_item_id\" content=\"odun-sirkesi-5ltr\" \/>\n<meta property=\"product:condition\" content=\"new\" \/>\n<!-- \/ Yoast SEO Premium plugin. -->","yoast_head_json":{"title":"Odun Sirkesi Fiyat\u0131 Nedir? - Odun Sirkesi Resmi Sitesi","description":"En iyi odun sirkesi fiyat\u0131 ve kalitesi ile Arakorya Ltd. do\u011fal sorunlara do\u011fal \u00e7\u00f6z\u00fcmler bulman\u0131zda size yard\u0131mc\u0131 olur. Odun sirkesi nas\u0131l yap\u0131l\u0131r? \u0130nceleyin","robots":{"index":"index","follow":"follow","max-snippet":"max-snippet:-1","max-image-preview":"max-image-preview:large","max-video-preview":"max-video-preview:-1"},"canonical":"https:\/\/www.odunsirkesi.com\/index.php\/urun\/odun-sirkesi-5-lt\/","og_locale":"tr_TR","og_type":"article","og_title":"Arakorya Odun Sirkesi 5 LT","og_description":"En iyi odun sirkesi fiyat\u0131 ve kalitesi ile Arakorya Ltd. do\u011fal sorunlara do\u011fal \u00e7\u00f6z\u00fcmler bulman\u0131zda size yard\u0131mc\u0131 olur. Odun sirkesi nas\u0131l yap\u0131l\u0131r? \u0130nceleyin","og_url":"https:\/\/www.odunsirkesi.com\/index.php\/urun\/odun-sirkesi-5-lt\/","og_site_name":"Odun Sirkesi Resmi Sitesi","article_publisher":"https:\/\/www.facebook.com\/profile.php?id=61562482255849&mibextid=kFxxJD","article_modified_time":"2026-02-06T14:57:14+00:00","og_image":[{"width":2560,"height":2175,"url":"https:\/\/www.odunsirkesi.com\/wp-content\/uploads\/2024\/07\/odunsirkesi5ltrs-scaled.jpg","type":"image\/jpeg"}],"twitter_card":"summary_large_image","twitter_misc":{"Fiyat":"&#8378;850,00","Durumu":"Stokta var"},"schema":{"@context":"https:\/\/schema.org","@graph":[{"@type":"WebPage","@id":"https:\/\/www.odunsirkesi.com\/index.php\/urun\/odun-sirkesi-5-lt\/","url":"https:\/\/www.odunsirkesi.com\/index.php\/urun\/odun-sirkesi-5-lt\/","name":"Odun Sirkesi Fiyat\u0131 Nedir? - Odun Sirkesi Resmi Sitesi","isPartOf":{"@id":"https:\/\/www.odunsirkesi.com\/#website"},"primaryImageOfPage":{"@id":"https:\/\/www.odunsirkesi.com\/index.php\/urun\/odun-sirkesi-5-lt\/#primaryimage"},"image":{"@id":"https:\/\/www.odunsirkesi.com\/index.php\/urun\/odun-sirkesi-5-lt\/#primaryimage"},"thumbnailUrl":"https:\/\/www.odunsirkesi.com\/wp-content\/uploads\/2024\/07\/odunsirkesi5ltrs-scaled.jpg","datePublished":"2024-07-23T16:33:46+00:00","dateModified":"2026-02-06T14:57:14+00:00","description":"En iyi odun sirkesi fiyat\u0131 ve kalitesi ile Arakorya Ltd. do\u011fal sorunlara do\u011fal \u00e7\u00f6z\u00fcmler bulman\u0131zda size yard\u0131mc\u0131 olur. Odun sirkesi nas\u0131l yap\u0131l\u0131r? \u0130nceleyin","breadcrumb":{"@id":"https:\/\/www.odunsirkesi.com\/index.php\/urun\/odun-sirkesi-5-lt\/#breadcrumb"},"inLanguage":"tr","potentialAction":[{"@type":"ReadAction","target":["https:\/\/www.odunsirkesi.com\/index.php\/urun\/odun-sirkesi-5-lt\/"]}]},{"@type":"ImageObject","inLanguage":"tr","@id":"https:\/\/www.odunsirkesi.com\/index.php\/urun\/odun-sirkesi-5-lt\/#primaryimage","url":"https:\/\/www.odunsirkesi.com\/wp-content\/uploads\/2024\/07\/odunsirkesi5ltrs-scaled.jpg","contentUrl":"https:\/\/www.odunsirkesi.com\/wp-content\/uploads\/2024\/07\/odunsirkesi5ltrs-scaled.jpg","width":2560,"height":2175,"caption":"odun sirkesi 5 litre"},{"@type":"BreadcrumbList","@id":"https:\/\/www.odunsirkesi.com\/index.php\/urun\/odun-sirkesi-5-lt\/#breadcrumb","itemListElement":[{"@type":"ListItem","position":1,"name":"Anasayfa","item":"https:\/\/www.odunsirkesi.com\/"},{"@type":"ListItem","position":2,"name":"Ma\u011faza","item":"https:\/\/www.odunsirkesi.com\/index.php\/magaza\/"},{"@type":"ListItem","position":3,"name":"Arakorya Odun Sirkesi 5 LT"}]},{"@type":"WebSite","@id":"https:\/\/www.odunsirkesi.com\/#website","url":"https:\/\/www.odunsirkesi.com\/","name":"Odun Sirkesi Resmi Sitesi","description":"Arakorya Ltd., odun sirkesi, &ccedil;am katran\u0131, odun k&ouml;m&uuml;r&uuml;","publisher":{"@id":"https:\/\/www.odunsirkesi.com\/#organization"},"alternateName":"camkatrani.com","potentialAction":[{"@type":"SearchAction","target":{"@type":"EntryPoint","urlTemplate":"https:\/\/www.odunsirkesi.com\/?s={search_term_string}"},"query-input":{"@type":"PropertyValueSpecification","valueRequired":true,"valueName":"search_term_string"}}],"inLanguage":"tr"},{"@type":"Organization","@id":"https:\/\/www.odunsirkesi.com\/#organization","name":"Odun Sirkesi Resmi Sitesi","alternateName":"Arakorya Ltd. \u015eti","url":"https:\/\/www.odunsirkesi.com\/","logo":{"@type":"ImageObject","inLanguage":"tr","@id":"https:\/\/www.odunsirkesi.com\/#\/schema\/logo\/image\/","url":"https:\/\/www.odunsirkesi.com\/wp-content\/uploads\/2024\/06\/Arakorya_odun_logo_seo.jpg","contentUrl":"https:\/\/www.odunsirkesi.com\/wp-content\/uploads\/2024\/06\/Arakorya_odun_logo_seo.jpg","width":696,"height":696,"caption":"Odun Sirkesi Resmi Sitesi"},"image":{"@id":"https:\/\/www.odunsirkesi.com\/#\/schema\/logo\/image\/"},"sameAs":["https:\/\/www.facebook.com\/profile.php?id=61562482255849&mibextid=kFxxJD","https:\/\/www.youtube.com\/channel\/UCEnrnsqgR0CZm6j3-cIqblg"],"description":"Arakorya Ltd. odun sirkesi, \u00e7am katran\u0131 ve odun k\u00f6m\u00fcr\u00fc \u00fcretimi, toptan ve perakende sat\u0131\u015f\u0131n\u0131 yapmaktad\u0131r.","email":"info@odunsirkesi.com","telephone":"+90 532 4230705","legalName":"Arakorya Ltd.","foundingDate":"2020-01-01","taxID":"0710789751","numberOfEmployees":{"@type":"QuantitativeValue","minValue":"1","maxValue":"10"}}]},"product_price_amount":"850.00","product_price_currency":"TRY","og_availability":"instock","product_availability":"instock","product_retailer_item_id":"odun-sirkesi-5ltr","product_condition":"new"},"_links":{"self":[{"href":"https:\/\/www.odunsirkesi.com\/index.php\/wp-json\/wp\/v2\/product\/1733","targetHints":{"allow":["GET"]}}],"collection":[{"href":"https:\/\/www.odunsirkesi.com\/index.php\/wp-json\/wp\/v2\/product"}],"about":[{"href":"https:\/\/www.odunsirkesi.com\/index.php\/wp-json\/wp\/v2\/types\/product"}],"replies":[{"embeddable":true,"href":"https:\/\/www.odunsirkesi.com\/index.php\/wp-json\/wp\/v2\/comments?post=1733"}],"wp:featuredmedia":[{"embeddable":true,"href":"https:\/\/www.odunsirkesi.com\/index.php\/wp-json\/wp\/v2\/media\/1755"}],"wp:attachment":[{"href":"https:\/\/www.odunsirkesi.com\/index.php\/wp-json\/wp\/v2\/media?parent=1733"}],"wp:term":[{"taxonomy":"product_brand","embeddable":true,"href":"https:\/\/www.odunsirkesi.com\/index.php\/wp-json\/wp\/v2\/product_brand?post=1733"},{"taxonomy":"product_cat","embeddable":true,"href":"https:\/\/www.odunsirkesi.com\/index.php\/wp-json\/wp\/v2\/product_cat?post=1733"},{"taxonomy":"product_tag","embeddable":true,"href":"https:\/\/www.odunsirkesi.com\/index.php\/wp-json\/wp\/v2\/product_tag?post=1733"}],"curies":[{"name":"wp","href":"https:\/\/api.w.org\/{rel}","templated":true}]}}