{"id":1693,"date":"2024-07-21T00:37:05","date_gmt":"2024-07-20T21:37:05","guid":{"rendered":"https:\/\/www.odunsirkesi.com\/?post_type=product&#038;p=1693"},"modified":"2026-02-06T17:59:25","modified_gmt":"2026-02-06T14:59:25","slug":"cam-katrani-1-kg","status":"publish","type":"product","link":"https:\/\/www.odunsirkesi.com\/index.php\/urun\/cam-katrani-1-kg\/","title":{"rendered":"Arakorya \u00c7am Katran\u0131 1 KG"},"content":{"rendered":"<p><strong>Katran Nedir? \u00c7am Katran\u0131 Nedir?<\/strong><\/p>\n<p>Katran, do\u011fal kaynaklardan elde edilen yo\u011fun ve yap\u0131\u015fkan bir s\u0131v\u0131d\u0131r. Genellikle \u00e7am, sedir ve ard\u0131\u00e7 a\u011fa\u00e7lar\u0131n\u0131n piroliz i\u015flemiyle elde edilir. Bu nedenle \u00e7am katran\u0131, ard\u0131\u00e7 katran\u0131 ve sedir katran\u0131 gibi t\u00fcrleri vard\u0131r. Katran denildi\u011finde daha \u00e7ok \u00e7am katran\u0131 ifade edilmektedir. Katran ya\u011f\u0131 ad\u0131yla da an\u0131lmaktad\u0131r.<\/p>\n<p><strong>Katran ne i\u015fe yarar? Katran\u0131n faydalar\u0131 nelerdir?<\/strong><\/p>\n<p>Antiseptik ve antifungal \u00f6zelliklere sahip olan katran, cilt hastal\u0131klar\u0131n\u0131n tedavisinde, bitkilerde zararl\u0131larla m\u00fccadelede ve end\u00fcstriyel uygulamalarda yayg\u0131n olarak kullan\u0131l\u0131r. Ayr\u0131ca, do\u011fal bir temizlik maddesi olarak etkili olup, ah\u015fap koruma ve yap\u0131\u015ft\u0131r\u0131c\u0131 \u00fcretiminde de tercih edilmektedir.<\/p>\n<p><strong>Katran Nas\u0131l Yap\u0131l\u0131r?<\/strong><\/p>\n<p>\u00c7am katran\u0131 \u00e7e\u015fitli \u00e7am t\u00fcrlerinin \u00f6zellikle \u00e7\u0131ral\u0131 k\u00f6k ve g\u00f6vdelerinin havas\u0131z f\u0131r\u0131nlarda yak\u0131lmas\u0131 ile elde edilir. Piroliz ad\u0131 verilen bu i\u015flemle ortaya \u00e7\u0131kan \u00e7am katran\u0131n\u0131n Anadolu d\u0131\u015f\u0131nda d\u00fcnyan\u0131n ba\u015fka b\u00f6lgelerinde de faydalar\u0131 ke\u015ffedilmi\u015ftir.<\/p>\n<p><strong>Katran Nerelerde Kullan\u0131r? Katran Ne \u0130\u015fe Yarar?<\/strong><\/p>\n<p>Ba\u015fl\u0131ca kullan\u0131m alanlar\u0131:<\/p>\n<p><strong>Ah\u015fap koruma:\u00a0<\/strong>Ah\u015fap \u00fczerinde olu\u015fturdu\u011fu film tabakas\u0131 sayesinde UV \u0131\u015f\u0131nlar\u0131n\u0131n ah\u015faba zarar vermesini engeller.<\/p>\n<p><strong>\u0130zolasyon:<\/strong>\u00a0Ah\u015fap \u00fczeri uygulamalarda su izolasyonu sa\u011flar. \u00d6zellikle tekne ve gemi bak\u0131m\u0131 i\u00e7in geleneksel bir \u00fcr\u00fcnd\u00fcr.<\/p>\n<p><strong>Hayvan Sa\u011fl\u0131\u011f\u0131:<\/strong>\u00a0Hayvanlar\u0131n yaralar\u0131n\u0131n tedavisi, uyuz, atlar\u0131n toynak bak\u0131m\u0131, b\u00fcy\u00fckba\u015f hayvanlar\u0131n ayak sa\u011fl\u0131\u011f\u0131, koyun ve ke\u00e7ilerin ba\u011f\u0131rsak ve mide sa\u011fl\u0131\u011f\u0131 gibi alanlarda uzun y\u0131llard\u0131r kullan\u0131lmaktad\u0131r.<\/p>\n<p><strong>Bah\u00e7ecilik:\u00a0<\/strong>A\u015f\u0131 ve budama macunu olarak kullan\u0131l\u0131r.<\/p>\n<p><strong>Ha\u015feratla M\u00fccadele:<\/strong>\u00a0\u00d6zellikle y\u0131lan ve akreplere kar\u015f\u0131 yayd\u0131\u011f\u0131 koku sebebiyle kullan\u0131lmaktad\u0131r.<\/p>\n<p><strong>Kozmetik:<\/strong>\u00a0\u015eampuan ve sabun yap\u0131m\u0131nda \u00f6zellikle son d\u00f6nemde kullan\u0131m\u0131 \u00f6ne \u00e7\u0131kmaktad\u0131r.<\/p>\n<p><strong>Geleneksel T\u0131p: <\/strong>Anadolu\u2019da uzun y\u0131llard\u0131r sedef ve egzema gibi cilt rahats\u0131zl\u0131klar\u0131n\u0131n yan\u0131 s\u0131ra ba\u011f\u0131rsak ve mide sorunlar\u0131n\u0131n tedavisinde kullan\u0131lagelmi\u015ftir.<\/p>\n<p><strong>Neft yada \u0130nce Katran (Sar\u0131 Katran) Nedir?<\/strong><\/p>\n<p>Neft ve \u0130nce Katran olarak da bilinen Sar\u0131 Katran, \u00e7am katran\u0131n bir \u00e7e\u015fididir. Suya damlat\u0131ld\u0131\u011f\u0131nda y\u00fczeyde b\u0131rakt\u0131\u011f\u0131 sar\u0131ms\u0131 renk nedeniyle bu ismi almaktad\u0131r. Piroliz i\u015flemi s\u0131ras\u0131nda olu\u015fan yo\u011fun buhar\u0131n uzun bir so\u011futma t\u00fcnelinden ge\u00e7erek yo\u011fu\u015fmas\u0131yla elde edilir. Yurtd\u0131\u015f\u0131nda katran\u0131n terebentini olarak da bilinir ve standart \u00e7am katran\u0131ndan \u00e7ok daha ak\u0131\u015fkand\u0131r.<\/p>\n<p>Anadolu\u2019da \u00f6zellikle hayvanlar\u0131n sular\u0131na damlat\u0131larak mide ve ba\u011f\u0131rsak sorunlar\u0131yla m\u00fccadelede uzun y\u0131llard\u0131r kullan\u0131lmaktad\u0131r.<\/p>\n<p>\u00c7am katran\u0131 ile ilgili detayl\u0131 bilgi i\u00e7in: https:\/\/www.odunsirkesi.com\/index.php\/urunlerimiz\/cam-katrani\/<\/p>\n<p>T\u00fcm \u00fcr\u00fcnlerimiz i\u00e7in: https:\/\/www.odunsirkesi.com\/index.php\/magaza\/<\/p>\n<p>Kaynak:\u00a0<a href=\"https:\/\/www.researchgate.net\/publication\/261182853_Traditional_Tar_Production_from_the_Anatolian_Black_Pine_P\">https:\/\/www.researchgate.net\/publication\/261182853_Traditional_Tar_Production_from_the_Anatolian_Black_Pine_P<\/a><\/p>\n","protected":false},"excerpt":{"rendered":"<p>Arakorya \u00c7am Katran\u0131 1 kg<\/p>\n<p>Katran Nedir? Katran nas\u0131l yap\u0131l\u0131r? Katran ne i\u015fe yarar? Katran\u0131n faydalar\u0131 nelerdir? Nerelerde kullan\u0131l\u0131r? \u00c7am katran\u0131, sedir katran\u0131 ve ard\u0131\u00e7 katran\u0131 kullan\u0131m alanlar\u0131 nelerdir? Detaylar a\u00e7\u0131klamada\u2026<\/p>\n","protected":false},"featured_media":1741,"comment_status":"open","ping_status":"closed","template":"","meta":{"_acf_changed":false},"product_brand":[],"product_cat":[37],"product_tag":[44,72,115,126,196,207,57,52,68,89,198,194,176,144,143,140,175,91,139,142,90,141,54,58,138,55,49,51,131,53,129,75,69,200,97,190,201,130,191,187,209,195,192,193,189,199,204,127,106,86,208,211,202,197,188,136,47,73,134,128,123,182,186,43,88,146,110,119,101,177,178,148,120,121,118,185,98,145,173,125,99,122,147,100,85,183,124,46,78,50,64,45,174,133,206,70,76,71,93,205,80,116,210,60,135,203,63,48,59,132,77,184,67,84,61,62,74,137,56],"class_list":{"0":"post-1693","1":"product","2":"type-product","3":"status-publish","4":"has-post-thumbnail","6":"product_cat-katranlar","7":"product_tag-agac","8":"product_tag-ahsap","9":"product_tag-andiz-katrani","10":"product_tag-ardic-katrani","11":"product_tag-ardic-katrani-nasil-yapilir","12":"product_tag-ardic-katrani-nerelerde-kullanilir","13":"product_tag-bitki","14":"product_tag-bocek","15":"product_tag-cam","16":"product_tag-cam-katrani","17":"product_tag-cam-katrani-faydalari","18":"product_tag-cam-katrani-faydasi","19":"product_tag-cam-katrani-fiyat","20":"product_tag-cam-katrani-kullanimi","21":"product_tag-cam-katrani-nasil-yapilir","22":"product_tag-cam-katrani-nedir","23":"product_tag-cam-katrani-satis","24":"product_tag-cam-katrani-satisi","25":"product_tag-cam-katrani-toptan","26":"product_tag-cam-katrani-ureticisi","27":"product_tag-cam-katrani-uretimi","28":"product_tag-cam-katrani-yilan","29":"product_tag-dogal","30":"product_tag-domates","31":"product_tag-fungusit","32":"product_tag-gubre","33":"product_tag-hayvancilik","34":"product_tag-herbisit","35":"product_tag-ihracat","36":"product_tag-ilac","37":"product_tag-ince-katran","38":"product_tag-izolasyon","39":"product_tag-katran","40":"product_tag-katran-faydalari-nelerdir","41":"product_tag-katran-fiyati","42":"product_tag-katran-icilir-mi","43":"product_tag-katran-kilosu-ne-kadar","44":"product_tag-katran-kullanimi","45":"product_tag-katran-nasil-yapilir","46":"product_tag-katran-ne-ise-yarar","47":"product_tag-katran-nedir","48":"product_tag-katran-nedir-ne-ise-yarar","49":"product_tag-katran-nerede-kullanilir","50":"product_tag-katran-nerede-satilir","51":"product_tag-katran-nerelerde-kullanilir","52":"product_tag-katran-neye-iyi-gelir","53":"product_tag-katran-sabunu","54":"product_tag-katran-satisi","55":"product_tag-katran-terebentin","56":"product_tag-katran-uretimi","57":"product_tag-katran-yagi","58":"product_tag-katran-yagi-ne-ise-yarar","59":"product_tag-katran-yapimi","60":"product_tag-katran-yenir-mi","61":"product_tag-katranin-faydalari","62":"product_tag-koku-giderici","63":"product_tag-komur","64":"product_tag-koruma","65":"product_tag-mantar-ilaci","66":"product_tag-neft","67":"product_tag-odun-perakende","68":"product_tag-odun-ruhu","69":"product_tag-odun-ruhu-nedir","70":"product_tag-odun-sirkesi","71":"product_tag-odun-sirkesi-faydalari","72":"product_tag-odun-sirkesi-fiyat","73":"product_tag-odun-sirkesi-fiyati","74":"product_tag-odun-sirkesi-fiyatlari","75":"product_tag-odun-sirkesi-imalat","76":"product_tag-odun-sirkesi-kullanim-alanlari","77":"product_tag-odun-sirkesi-kullanim-dozu","78":"product_tag-odun-sirkesi-kullanimi","79":"product_tag-odun-sirkesi-nasil-kullanilir","80":"product_tag-odun-sirkesi-ne-ise-yarar","81":"product_tag-odun-sirkesi-nedir","82":"product_tag-odun-sirkesi-nerede-kullanilir","83":"product_tag-odun-sirkesi-satis","84":"product_tag-odun-sirkesi-satisi","85":"product_tag-odun-sirkesi-tarim","86":"product_tag-odun-sirkesi-tarimda-kullanimi","87":"product_tag-odun-sirkesi-toptan","88":"product_tag-odun-sirkesi-toptan-satis","89":"product_tag-odun-sirkesi-tuta","90":"product_tag-odun-sirkesi-uretici","91":"product_tag-odun-sirkesi-uretimi","92":"product_tag-odun-sirkesi-yapimi","93":"product_tag-odun-sirkesi-yararlari","94":"product_tag-organik","95":"product_tag-perakende","96":"product_tag-pestisit","97":"product_tag-pine","98":"product_tag-piroliz","99":"product_tag-piroliz-nedir","100":"product_tag-piroliz-sivisi","101":"product_tag-puse","102":"product_tag-recine","103":"product_tag-saglik","104":"product_tag-sakiz","105":"product_tag-sari-katran","106":"product_tag-sari-katranin-faydalari","107":"product_tag-satis","108":"product_tag-sedir-katrani","109":"product_tag-sedir-katrani-faydalari","110":"product_tag-sera","111":"product_tag-sinek-kovucu","112":"product_tag-sivi-katran-fiyatlari","113":"product_tag-tar","114":"product_tag-tarim","115":"product_tag-tarla","116":"product_tag-terebentin","117":"product_tag-toptan","118":"product_tag-turkuvaz-odun-sirkesi","119":"product_tag-uretici","120":"product_tag-uretim","121":"product_tag-vinegar","122":"product_tag-wood","123":"product_tag-yilan","124":"product_tag-yilan-kovucu","125":"product_tag-zararlilar","126":"product_shipping_class-katranlar","128":"first","129":"outofstock","130":"sale","131":"shipping-taxable","132":"purchasable","133":"product-type-simple"},"acf":[],"yoast_head":"<!-- This site is optimized with the Yoast SEO Premium plugin v25.7.1 (Yoast SEO v27.4) - https:\/\/yoast.com\/product\/yoast-seo-premium-wordpress\/ -->\n<title>Katran Nerelerde Kullan\u0131l\u0131r: Ah\u015fap Koruma, \u0130zolasyon ve dahas\u0131... - Odun Sirkesi Resmi Sitesi<\/title>\n<meta name=\"description\" content=\"\u00c7am katran\u0131 nerelerde kullan\u0131l\u0131r? Ah\u015fap koruma, izolasyon, hayvan sa\u011fl\u0131\u011f\u0131, bah\u00e7ecilik ve ha\u015feratla m\u00fccadelede etkilidir. Ke\u015ffedin!\" \/>\n<meta name=\"robots\" content=\"index, follow, max-snippet:-1, max-image-preview:large, max-video-preview:-1\" \/>\n<link rel=\"canonical\" href=\"https:\/\/www.odunsirkesi.com\/index.php\/urun\/cam-katrani-1-kg\/\" \/>\n<meta property=\"og:locale\" content=\"tr_TR\" \/>\n<meta property=\"og:type\" content=\"article\" \/>\n<meta property=\"og:title\" content=\"Arakorya \u00c7am Katran\u0131 1 KG\" \/>\n<meta property=\"og:description\" content=\"\u00c7am katran\u0131 nerelerde kullan\u0131l\u0131r? Ah\u015fap koruma, izolasyon, hayvan sa\u011fl\u0131\u011f\u0131, bah\u00e7ecilik ve ha\u015feratla m\u00fccadelede etkilidir. Ke\u015ffedin!\" \/>\n<meta property=\"og:url\" content=\"https:\/\/www.odunsirkesi.com\/index.php\/urun\/cam-katrani-1-kg\/\" \/>\n<meta property=\"og:site_name\" content=\"Odun Sirkesi Resmi Sitesi\" \/>\n<meta property=\"article:publisher\" content=\"https:\/\/www.facebook.com\/profile.php?id=61562482255849&amp;mibextid=kFxxJD\" \/>\n<meta property=\"article:modified_time\" content=\"2026-02-06T14:59:25+00:00\" \/>\n<meta property=\"og:image\" content=\"https:\/\/www.odunsirkesi.com\/wp-content\/uploads\/2024\/07\/camkatrani1lt-copy-scaled.jpg\" \/>\n\t<meta property=\"og:image:width\" content=\"2560\" \/>\n\t<meta property=\"og:image:height\" content=\"2224\" \/>\n\t<meta property=\"og:image:type\" content=\"image\/jpeg\" \/>\n<meta name=\"twitter:card\" content=\"summary_large_image\" \/>\n<meta name=\"twitter:label1\" content=\"Fiyat\" \/>\n\t<meta name=\"twitter:data1\" content=\"&#8378;500,00\" \/>\n\t<meta name=\"twitter:label2\" content=\"Durumu\" \/>\n\t<meta name=\"twitter:data2\" content=\"Stoklar t\u00fckendi\" \/>\n<script type=\"application\/ld+json\" class=\"yoast-schema-graph\">{\"@context\":\"https:\\\/\\\/schema.org\",\"@graph\":[{\"@type\":\"WebPage\",\"@id\":\"https:\\\/\\\/www.odunsirkesi.com\\\/index.php\\\/urun\\\/cam-katrani-1-kg\\\/\",\"url\":\"https:\\\/\\\/www.odunsirkesi.com\\\/index.php\\\/urun\\\/cam-katrani-1-kg\\\/\",\"name\":\"Katran Nerelerde Kullan\u0131l\u0131r: Ah\u015fap Koruma, \u0130zolasyon ve dahas\u0131... - Odun Sirkesi Resmi Sitesi\",\"isPartOf\":{\"@id\":\"https:\\\/\\\/www.odunsirkesi.com\\\/#website\"},\"primaryImageOfPage\":{\"@id\":\"https:\\\/\\\/www.odunsirkesi.com\\\/index.php\\\/urun\\\/cam-katrani-1-kg\\\/#primaryimage\"},\"image\":{\"@id\":\"https:\\\/\\\/www.odunsirkesi.com\\\/index.php\\\/urun\\\/cam-katrani-1-kg\\\/#primaryimage\"},\"thumbnailUrl\":\"https:\\\/\\\/www.odunsirkesi.com\\\/wp-content\\\/uploads\\\/2024\\\/07\\\/camkatrani1lt-copy-scaled.jpg\",\"datePublished\":\"2024-07-20T21:37:05+00:00\",\"dateModified\":\"2026-02-06T14:59:25+00:00\",\"description\":\"\u00c7am katran\u0131 nerelerde kullan\u0131l\u0131r? Ah\u015fap koruma, izolasyon, hayvan sa\u011fl\u0131\u011f\u0131, bah\u00e7ecilik ve ha\u015feratla m\u00fccadelede etkilidir. Ke\u015ffedin!\",\"breadcrumb\":{\"@id\":\"https:\\\/\\\/www.odunsirkesi.com\\\/index.php\\\/urun\\\/cam-katrani-1-kg\\\/#breadcrumb\"},\"inLanguage\":\"tr\",\"potentialAction\":[{\"@type\":\"ReadAction\",\"target\":[\"https:\\\/\\\/www.odunsirkesi.com\\\/index.php\\\/urun\\\/cam-katrani-1-kg\\\/\"]}]},{\"@type\":\"ImageObject\",\"inLanguage\":\"tr\",\"@id\":\"https:\\\/\\\/www.odunsirkesi.com\\\/index.php\\\/urun\\\/cam-katrani-1-kg\\\/#primaryimage\",\"url\":\"https:\\\/\\\/www.odunsirkesi.com\\\/wp-content\\\/uploads\\\/2024\\\/07\\\/camkatrani1lt-copy-scaled.jpg\",\"contentUrl\":\"https:\\\/\\\/www.odunsirkesi.com\\\/wp-content\\\/uploads\\\/2024\\\/07\\\/camkatrani1lt-copy-scaled.jpg\",\"width\":2560,\"height\":2224,\"caption\":\"katran,katran nerelerde kullan\u0131l\u0131r,katran\u0131n faydalar\u0131,katran\"},{\"@type\":\"BreadcrumbList\",\"@id\":\"https:\\\/\\\/www.odunsirkesi.com\\\/index.php\\\/urun\\\/cam-katrani-1-kg\\\/#breadcrumb\",\"itemListElement\":[{\"@type\":\"ListItem\",\"position\":1,\"name\":\"Anasayfa\",\"item\":\"https:\\\/\\\/www.odunsirkesi.com\\\/\"},{\"@type\":\"ListItem\",\"position\":2,\"name\":\"Ma\u011faza\",\"item\":\"https:\\\/\\\/www.odunsirkesi.com\\\/index.php\\\/magaza\\\/\"},{\"@type\":\"ListItem\",\"position\":3,\"name\":\"Arakorya \u00c7am Katran\u0131 1 KG\"}]},{\"@type\":\"WebSite\",\"@id\":\"https:\\\/\\\/www.odunsirkesi.com\\\/#website\",\"url\":\"https:\\\/\\\/www.odunsirkesi.com\\\/\",\"name\":\"Odun Sirkesi Resmi Sitesi\",\"description\":\"Arakorya Ltd., odun sirkesi, &ccedil;am katran\u0131, odun k&ouml;m&uuml;r&uuml;\",\"publisher\":{\"@id\":\"https:\\\/\\\/www.odunsirkesi.com\\\/#organization\"},\"alternateName\":\"camkatrani.com\",\"potentialAction\":[{\"@type\":\"SearchAction\",\"target\":{\"@type\":\"EntryPoint\",\"urlTemplate\":\"https:\\\/\\\/www.odunsirkesi.com\\\/?s={search_term_string}\"},\"query-input\":{\"@type\":\"PropertyValueSpecification\",\"valueRequired\":true,\"valueName\":\"search_term_string\"}}],\"inLanguage\":\"tr\"},{\"@type\":\"Organization\",\"@id\":\"https:\\\/\\\/www.odunsirkesi.com\\\/#organization\",\"name\":\"Odun Sirkesi Resmi Sitesi\",\"alternateName\":\"Arakorya Ltd. \u015eti\",\"url\":\"https:\\\/\\\/www.odunsirkesi.com\\\/\",\"logo\":{\"@type\":\"ImageObject\",\"inLanguage\":\"tr\",\"@id\":\"https:\\\/\\\/www.odunsirkesi.com\\\/#\\\/schema\\\/logo\\\/image\\\/\",\"url\":\"https:\\\/\\\/www.odunsirkesi.com\\\/wp-content\\\/uploads\\\/2024\\\/06\\\/Arakorya_odun_logo_seo.jpg\",\"contentUrl\":\"https:\\\/\\\/www.odunsirkesi.com\\\/wp-content\\\/uploads\\\/2024\\\/06\\\/Arakorya_odun_logo_seo.jpg\",\"width\":696,\"height\":696,\"caption\":\"Odun Sirkesi Resmi Sitesi\"},\"image\":{\"@id\":\"https:\\\/\\\/www.odunsirkesi.com\\\/#\\\/schema\\\/logo\\\/image\\\/\"},\"sameAs\":[\"https:\\\/\\\/www.facebook.com\\\/profile.php?id=61562482255849&mibextid=kFxxJD\",\"https:\\\/\\\/www.youtube.com\\\/channel\\\/UCEnrnsqgR0CZm6j3-cIqblg\"],\"description\":\"Arakorya Ltd. odun sirkesi, \u00e7am katran\u0131 ve odun k\u00f6m\u00fcr\u00fc \u00fcretimi, toptan ve perakende sat\u0131\u015f\u0131n\u0131 yapmaktad\u0131r.\",\"email\":\"info@odunsirkesi.com\",\"telephone\":\"+90 532 4230705\",\"legalName\":\"Arakorya Ltd.\",\"foundingDate\":\"2020-01-01\",\"taxID\":\"0710789751\",\"numberOfEmployees\":{\"@type\":\"QuantitativeValue\",\"minValue\":\"1\",\"maxValue\":\"10\"}}]}<\/script>\n<meta property=\"product:price:amount\" content=\"500.00\" \/>\n<meta property=\"product:price:currency\" content=\"TRY\" \/>\n<meta property=\"og:availability\" content=\"out of stock\" \/>\n<meta property=\"product:availability\" content=\"out of stock\" \/>\n<meta property=\"product:retailer_item_id\" content=\"cam-katrani-1kg\" \/>\n<meta property=\"product:condition\" content=\"new\" \/>\n<!-- \/ Yoast SEO Premium plugin. -->","yoast_head_json":{"title":"Katran Nerelerde Kullan\u0131l\u0131r: Ah\u015fap Koruma, \u0130zolasyon ve dahas\u0131... - Odun Sirkesi Resmi Sitesi","description":"\u00c7am katran\u0131 nerelerde kullan\u0131l\u0131r? Ah\u015fap koruma, izolasyon, hayvan sa\u011fl\u0131\u011f\u0131, bah\u00e7ecilik ve ha\u015feratla m\u00fccadelede etkilidir. Ke\u015ffedin!","robots":{"index":"index","follow":"follow","max-snippet":"max-snippet:-1","max-image-preview":"max-image-preview:large","max-video-preview":"max-video-preview:-1"},"canonical":"https:\/\/www.odunsirkesi.com\/index.php\/urun\/cam-katrani-1-kg\/","og_locale":"tr_TR","og_type":"article","og_title":"Arakorya \u00c7am Katran\u0131 1 KG","og_description":"\u00c7am katran\u0131 nerelerde kullan\u0131l\u0131r? Ah\u015fap koruma, izolasyon, hayvan sa\u011fl\u0131\u011f\u0131, bah\u00e7ecilik ve ha\u015feratla m\u00fccadelede etkilidir. Ke\u015ffedin!","og_url":"https:\/\/www.odunsirkesi.com\/index.php\/urun\/cam-katrani-1-kg\/","og_site_name":"Odun Sirkesi Resmi Sitesi","article_publisher":"https:\/\/www.facebook.com\/profile.php?id=61562482255849&mibextid=kFxxJD","article_modified_time":"2026-02-06T14:59:25+00:00","og_image":[{"width":2560,"height":2224,"url":"https:\/\/www.odunsirkesi.com\/wp-content\/uploads\/2024\/07\/camkatrani1lt-copy-scaled.jpg","type":"image\/jpeg"}],"twitter_card":"summary_large_image","twitter_misc":{"Fiyat":"&#8378;500,00","Durumu":"Stoklar t\u00fckendi"},"schema":{"@context":"https:\/\/schema.org","@graph":[{"@type":"WebPage","@id":"https:\/\/www.odunsirkesi.com\/index.php\/urun\/cam-katrani-1-kg\/","url":"https:\/\/www.odunsirkesi.com\/index.php\/urun\/cam-katrani-1-kg\/","name":"Katran Nerelerde Kullan\u0131l\u0131r: Ah\u015fap Koruma, \u0130zolasyon ve dahas\u0131... - Odun Sirkesi Resmi Sitesi","isPartOf":{"@id":"https:\/\/www.odunsirkesi.com\/#website"},"primaryImageOfPage":{"@id":"https:\/\/www.odunsirkesi.com\/index.php\/urun\/cam-katrani-1-kg\/#primaryimage"},"image":{"@id":"https:\/\/www.odunsirkesi.com\/index.php\/urun\/cam-katrani-1-kg\/#primaryimage"},"thumbnailUrl":"https:\/\/www.odunsirkesi.com\/wp-content\/uploads\/2024\/07\/camkatrani1lt-copy-scaled.jpg","datePublished":"2024-07-20T21:37:05+00:00","dateModified":"2026-02-06T14:59:25+00:00","description":"\u00c7am katran\u0131 nerelerde kullan\u0131l\u0131r? Ah\u015fap koruma, izolasyon, hayvan sa\u011fl\u0131\u011f\u0131, bah\u00e7ecilik ve ha\u015feratla m\u00fccadelede etkilidir. Ke\u015ffedin!","breadcrumb":{"@id":"https:\/\/www.odunsirkesi.com\/index.php\/urun\/cam-katrani-1-kg\/#breadcrumb"},"inLanguage":"tr","potentialAction":[{"@type":"ReadAction","target":["https:\/\/www.odunsirkesi.com\/index.php\/urun\/cam-katrani-1-kg\/"]}]},{"@type":"ImageObject","inLanguage":"tr","@id":"https:\/\/www.odunsirkesi.com\/index.php\/urun\/cam-katrani-1-kg\/#primaryimage","url":"https:\/\/www.odunsirkesi.com\/wp-content\/uploads\/2024\/07\/camkatrani1lt-copy-scaled.jpg","contentUrl":"https:\/\/www.odunsirkesi.com\/wp-content\/uploads\/2024\/07\/camkatrani1lt-copy-scaled.jpg","width":2560,"height":2224,"caption":"katran,katran nerelerde kullan\u0131l\u0131r,katran\u0131n faydalar\u0131,katran"},{"@type":"BreadcrumbList","@id":"https:\/\/www.odunsirkesi.com\/index.php\/urun\/cam-katrani-1-kg\/#breadcrumb","itemListElement":[{"@type":"ListItem","position":1,"name":"Anasayfa","item":"https:\/\/www.odunsirkesi.com\/"},{"@type":"ListItem","position":2,"name":"Ma\u011faza","item":"https:\/\/www.odunsirkesi.com\/index.php\/magaza\/"},{"@type":"ListItem","position":3,"name":"Arakorya \u00c7am Katran\u0131 1 KG"}]},{"@type":"WebSite","@id":"https:\/\/www.odunsirkesi.com\/#website","url":"https:\/\/www.odunsirkesi.com\/","name":"Odun Sirkesi Resmi Sitesi","description":"Arakorya Ltd., odun sirkesi, &ccedil;am katran\u0131, odun k&ouml;m&uuml;r&uuml;","publisher":{"@id":"https:\/\/www.odunsirkesi.com\/#organization"},"alternateName":"camkatrani.com","potentialAction":[{"@type":"SearchAction","target":{"@type":"EntryPoint","urlTemplate":"https:\/\/www.odunsirkesi.com\/?s={search_term_string}"},"query-input":{"@type":"PropertyValueSpecification","valueRequired":true,"valueName":"search_term_string"}}],"inLanguage":"tr"},{"@type":"Organization","@id":"https:\/\/www.odunsirkesi.com\/#organization","name":"Odun Sirkesi Resmi Sitesi","alternateName":"Arakorya Ltd. \u015eti","url":"https:\/\/www.odunsirkesi.com\/","logo":{"@type":"ImageObject","inLanguage":"tr","@id":"https:\/\/www.odunsirkesi.com\/#\/schema\/logo\/image\/","url":"https:\/\/www.odunsirkesi.com\/wp-content\/uploads\/2024\/06\/Arakorya_odun_logo_seo.jpg","contentUrl":"https:\/\/www.odunsirkesi.com\/wp-content\/uploads\/2024\/06\/Arakorya_odun_logo_seo.jpg","width":696,"height":696,"caption":"Odun Sirkesi Resmi Sitesi"},"image":{"@id":"https:\/\/www.odunsirkesi.com\/#\/schema\/logo\/image\/"},"sameAs":["https:\/\/www.facebook.com\/profile.php?id=61562482255849&mibextid=kFxxJD","https:\/\/www.youtube.com\/channel\/UCEnrnsqgR0CZm6j3-cIqblg"],"description":"Arakorya Ltd. odun sirkesi, \u00e7am katran\u0131 ve odun k\u00f6m\u00fcr\u00fc \u00fcretimi, toptan ve perakende sat\u0131\u015f\u0131n\u0131 yapmaktad\u0131r.","email":"info@odunsirkesi.com","telephone":"+90 532 4230705","legalName":"Arakorya Ltd.","foundingDate":"2020-01-01","taxID":"0710789751","numberOfEmployees":{"@type":"QuantitativeValue","minValue":"1","maxValue":"10"}}]},"product_price_amount":"500.00","product_price_currency":"TRY","og_availability":"out of stock","product_availability":"out of stock","product_retailer_item_id":"cam-katrani-1kg","product_condition":"new"},"_links":{"self":[{"href":"https:\/\/www.odunsirkesi.com\/index.php\/wp-json\/wp\/v2\/product\/1693","targetHints":{"allow":["GET"]}}],"collection":[{"href":"https:\/\/www.odunsirkesi.com\/index.php\/wp-json\/wp\/v2\/product"}],"about":[{"href":"https:\/\/www.odunsirkesi.com\/index.php\/wp-json\/wp\/v2\/types\/product"}],"replies":[{"embeddable":true,"href":"https:\/\/www.odunsirkesi.com\/index.php\/wp-json\/wp\/v2\/comments?post=1693"}],"wp:featuredmedia":[{"embeddable":true,"href":"https:\/\/www.odunsirkesi.com\/index.php\/wp-json\/wp\/v2\/media\/1741"}],"wp:attachment":[{"href":"https:\/\/www.odunsirkesi.com\/index.php\/wp-json\/wp\/v2\/media?parent=1693"}],"wp:term":[{"taxonomy":"product_brand","embeddable":true,"href":"https:\/\/www.odunsirkesi.com\/index.php\/wp-json\/wp\/v2\/product_brand?post=1693"},{"taxonomy":"product_cat","embeddable":true,"href":"https:\/\/www.odunsirkesi.com\/index.php\/wp-json\/wp\/v2\/product_cat?post=1693"},{"taxonomy":"product_tag","embeddable":true,"href":"https:\/\/www.odunsirkesi.com\/index.php\/wp-json\/wp\/v2\/product_tag?post=1693"}],"curies":[{"name":"wp","href":"https:\/\/api.w.org\/{rel}","templated":true}]}}