{"id":1783,"date":"2024-07-29T22:21:35","date_gmt":"2024-07-29T19:21:35","guid":{"rendered":"https:\/\/www.odunsirkesi.com\/?page_id=1783"},"modified":"2024-07-29T22:22:40","modified_gmt":"2024-07-29T19:22:40","slug":"teslimat-ve-iade-politikasi","status":"publish","type":"page","link":"https:\/\/www.odunsirkesi.com\/index.php\/teslimat-ve-iade-politikasi\/","title":{"rendered":"Teslimat ve \u0130ade Politikas\u0131"},"content":{"rendered":"<div class=\"fusion-fullwidth fullwidth-box fusion-builder-row-1 fusion-flex-container nonhundred-percent-fullwidth non-hundred-percent-height-scrolling\" style=\"--awb-border-radius-top-left:0px;--awb-border-radius-top-right:0px;--awb-border-radius-bottom-right:0px;--awb-border-radius-bottom-left:0px;--awb-flex-wrap:wrap;\" ><div class=\"fusion-builder-row fusion-row fusion-flex-align-items-flex-start fusion-flex-content-wrap\" style=\"max-width:1144px;margin-left: calc(-4% \/ 2 );margin-right: calc(-4% \/ 2 );\"><div class=\"fusion-layout-column fusion_builder_column fusion-builder-column-0 fusion_builder_column_1_1 1_1 fusion-flex-column\" style=\"--awb-bg-size:cover;--awb-width-large:100%;--awb-margin-top-large:0px;--awb-spacing-right-large:1.92%;--awb-margin-bottom-large:0px;--awb-spacing-left-large:1.92%;--awb-width-medium:100%;--awb-spacing-right-medium:1.92%;--awb-spacing-left-medium:1.92%;--awb-width-small:100%;--awb-spacing-right-small:1.92%;--awb-spacing-left-small:1.92%;\"><div class=\"fusion-column-wrapper fusion-flex-justify-content-flex-start fusion-content-layout-column\"><div class=\"fusion-text fusion-text-1\"><\/p>\n<h2 style=\"text-align: center;\">Teslimat ve \u0130ade Politikas\u0131<\/h2>\n<h3>Teslimat<\/h3>\n<ol>\n<li>\n<p><strong>Teslimat S\u00fcreci<\/strong><\/p>\n<ul>\n<li>\u00dcr\u00fcnler, kargo \u015firketi arac\u0131l\u0131\u011f\u0131 ile al\u0131c\u0131n\u0131n belirtti\u011fi adrese ve belirtilen yetkili ki\u015fi\/ki\u015filere teslim edilecektir.<\/li>\n<li>Teslimat s\u00fcresi, sipari\u015fin al\u0131nd\u0131\u011f\u0131 tarihten itibaren en fazla 30 g\u00fcnd\u00fcr. Ancak, m\u00fc\u015fteri, 30 g\u00fcn i\u00e7inde mal\u0131n kendisine teslim edilmemesi durumunda s\u00f6zle\u015fmeyi feshedebilir.<\/li>\n<li>Herhangi bir nedenle \u00fcr\u00fcn bedeli \u00f6denmez veya banka kay\u0131tlar\u0131nda iptal edilirse, sat\u0131c\u0131 \u00fcr\u00fcn\u00fcn teslimi y\u00fck\u00fcml\u00fcl\u00fc\u011f\u00fcnden kurtulmu\u015f kabul edilir.<\/li>\n<\/ul>\n<\/li>\n<li>\n<p><strong>Teslimat Sonras\u0131 \u0130ade<\/strong><\/p>\n<ul>\n<li>\u00dcr\u00fcn\u00fcn tesliminden sonra al\u0131c\u0131n\u0131n kredi kart\u0131n\u0131n al\u0131c\u0131n\u0131n kusurundan kaynaklanmayan bir nedenle yetkisiz ki\u015filerce hukuka ayk\u0131r\u0131 olarak kullan\u0131lmas\u0131 sonucunda ilgili banka veya finans kurulu\u015funun \u00fcr\u00fcn bedelini sat\u0131c\u0131ya \u00f6dememesi halinde, al\u0131c\u0131 kendisine teslim edilmi\u015f \u00fcr\u00fcn\u00fc 3 g\u00fcn i\u00e7inde sat\u0131c\u0131ya g\u00f6ndermek zorundad\u0131r. Bu takdirde nakliye giderleri al\u0131c\u0131ya aittir.<\/li>\n<\/ul>\n<\/li>\n<\/ol>\n<h3>\u0130ade ve Cayma Hakk\u0131<\/h3>\n<ol>\n<li>\n<p><strong>\u00dcr\u00fcn \u0130ade<\/strong><\/p>\n<ul>\n<li>Al\u0131c\u0131 mal\u0131 teslim ald\u0131\u011f\u0131 tarihten itibaren on d\u00f6rt g\u00fcn i\u00e7inde herhangi bir gerek\u00e7e g\u00f6stermeksizin ve cezai \u015fart \u00f6demeksizin s\u00f6zle\u015fmeden cayma hakk\u0131na sahiptir. Cayma hakk\u0131n\u0131n kullan\u0131lmas\u0131 i\u00e7in bu s\u00fcre i\u00e7inde sat\u0131c\u0131ya e-posta veya telefon ile bildirimde bulunulmas\u0131 ve \u00fcr\u00fcn\u00fcn kullan\u0131lmam\u0131\u015f olmas\u0131 gerekmektedir.<\/li>\n<li>Cayma hakk\u0131n\u0131n kullan\u0131lmas\u0131 halinde, 3. ki\u015fiye veya al\u0131c\u0131ya teslim edilen \u00fcr\u00fcn\u00fcn sat\u0131c\u0131ya g\u00f6nderildi\u011fine ili\u015fkin kargo teslim tutana\u011f\u0131 \u00f6rne\u011fi ile fatura asl\u0131n\u0131n iadesi zorunludur. Bu belgelerin ula\u015fmas\u0131n\u0131 takip eden 14 g\u00fcn i\u00e7inde \u00fcr\u00fcn bedelinin al\u0131c\u0131n\u0131n banka hesab\u0131na iade edilmesi i\u00e7in sat\u0131c\u0131 banka nezdinde giri\u015fimde bulunur. Fatura asl\u0131 g\u00f6nderilmezse KDV ve varsa di\u011fer yasal y\u00fck\u00fcml\u00fcl\u00fckler iade edilemez.<\/li>\n<li>Cayma hakk\u0131 nedeni ile iade edilen \u00fcr\u00fcn\u00fcn kargo bedeli sat\u0131c\u0131 taraf\u0131ndan kar\u015f\u0131lan\u0131r. Al\u0131c\u0131, cayma hakk\u0131 s\u00fcresi i\u00e7inde mal\u0131 sat\u0131c\u0131n\u0131n belirtti\u011fi yetkili nakliyeci vas\u0131tas\u0131yla sat\u0131c\u0131ya geri g\u00f6nderir. Bu nakliyeci bilgileri sat\u0131c\u0131 taraf\u0131ndan al\u0131c\u0131ya sipari\u015fin tesliminden sonra ayr\u0131ca bildirilecektir.<\/li>\n<\/ul>\n<\/li>\n<li>\n<p><strong>Cayma Hakk\u0131n\u0131n Kullan\u0131lamayaca\u011f\u0131 \u00dcr\u00fcnler<\/strong><\/p>\n<ul>\n<li>Niteli\u011fi itibar\u0131yla iade edilemeyecek \u00fcr\u00fcnler; tek kullan\u0131ml\u0131k \u00fcr\u00fcnler, kopyalanabilir yaz\u0131l\u0131m ve programlar, h\u0131zl\u0131 bozulan veya son kullan\u0131m tarihi ge\u00e7en \u00fcr\u00fcnler i\u00e7in cayma hakk\u0131 kullan\u0131lamaz. Ambalaj\u0131n a\u00e7\u0131lm\u0131\u015f olmas\u0131 halinde iade kabul edilmeyecek \u00fcr\u00fcnler: her t\u00fcrl\u00fc yaz\u0131l\u0131m ve programlar, DVD, VCD, CD ve kasetler ve bilgisayar ve k\u0131rtasiye sarf malzemeleri (toner, kartu\u015f, \u015ferit v.b) ve her t\u00fcrl\u00fc kozmetik \u00fcr\u00fcnd\u00fcr.<\/li>\n<li>Ayr\u0131ca, al\u0131c\u0131n\u0131n iste\u011fi veya a\u00e7\u0131k\u00e7a onun ki\u015fisel ihtiya\u00e7lar\u0131 do\u011frultusunda haz\u0131rlanan ve niteli\u011fi itibar\u0131yla geri g\u00f6nderilmeye elveri\u015fli olmayan, h\u0131zla bozulma tehlikesi olan veya son kullanma tarihi ge\u00e7me ihtimali olan mallar\u0131n teslimine ili\u015fkin s\u00f6zle\u015fmelerde ve elektronik ortamda an\u0131nda ifa edilen hizmetler veya t\u00fcketiciye an\u0131nda teslim edilen gayri maddi mallara ili\u015fkin s\u00f6zle\u015fmelerde cayma hakk\u0131 kullan\u0131lamaz.<\/li>\n<\/ul>\n<\/li>\n<\/ol>\n<\/div><\/div><\/div><\/div><\/div>","protected":false},"excerpt":{"rendered":"","protected":false},"author":1,"featured_media":0,"parent":0,"menu_order":0,"comment_status":"closed","ping_status":"closed","template":"","meta":{"_acf_changed":false,"footnotes":""},"class_list":["post-1783","page","type-page","status-publish","hentry"],"acf":[],"yoast_head":"<!-- This site is optimized with the Yoast SEO Premium plugin v25.7.1 (Yoast SEO v27.4) - https:\/\/yoast.com\/product\/yoast-seo-premium-wordpress\/ -->\n<title>Teslimat ve \u0130ade Politikas\u0131 - Odun Sirkesi Resmi Sitesi<\/title>\n<meta name=\"robots\" content=\"index, follow, max-snippet:-1, max-image-preview:large, max-video-preview:-1\" \/>\n<link rel=\"canonical\" href=\"https:\/\/www.odunsirkesi.com\/index.php\/teslimat-ve-iade-politikasi\/\" \/>\n<meta property=\"og:locale\" content=\"tr_TR\" \/>\n<meta property=\"og:type\" content=\"article\" \/>\n<meta property=\"og:title\" content=\"Teslimat ve \u0130ade Politikas\u0131\" \/>\n<meta property=\"og:url\" content=\"https:\/\/www.odunsirkesi.com\/index.php\/teslimat-ve-iade-politikasi\/\" \/>\n<meta property=\"og:site_name\" content=\"Odun Sirkesi Resmi Sitesi\" \/>\n<meta property=\"article:publisher\" content=\"https:\/\/www.facebook.com\/profile.php?id=61562482255849&amp;mibextid=kFxxJD\" \/>\n<meta property=\"article:modified_time\" content=\"2024-07-29T19:22:40+00:00\" \/>\n<meta property=\"og:image\" content=\"https:\/\/www.odunsirkesi.com\/wp-content\/uploads\/2024\/06\/odun-sirkesi.com_spot_seo.jpg\" \/>\n\t<meta property=\"og:image:width\" content=\"1200\" \/>\n\t<meta property=\"og:image:height\" content=\"675\" \/>\n\t<meta property=\"og:image:type\" content=\"image\/jpeg\" \/>\n<meta name=\"twitter:card\" content=\"summary_large_image\" \/>\n<meta name=\"twitter:label1\" content=\"Tahmini okuma s\u00fcresi\" \/>\n\t<meta name=\"twitter:data1\" content=\"9 dakika\" \/>\n<script type=\"application\/ld+json\" class=\"yoast-schema-graph\">{\"@context\":\"https:\\\/\\\/schema.org\",\"@graph\":[{\"@type\":\"WebPage\",\"@id\":\"https:\\\/\\\/www.odunsirkesi.com\\\/index.php\\\/teslimat-ve-iade-politikasi\\\/\",\"url\":\"https:\\\/\\\/www.odunsirkesi.com\\\/index.php\\\/teslimat-ve-iade-politikasi\\\/\",\"name\":\"Teslimat ve \u0130ade Politikas\u0131 - Odun Sirkesi Resmi Sitesi\",\"isPartOf\":{\"@id\":\"https:\\\/\\\/www.odunsirkesi.com\\\/#website\"},\"datePublished\":\"2024-07-29T19:21:35+00:00\",\"dateModified\":\"2024-07-29T19:22:40+00:00\",\"breadcrumb\":{\"@id\":\"https:\\\/\\\/www.odunsirkesi.com\\\/index.php\\\/teslimat-ve-iade-politikasi\\\/#breadcrumb\"},\"inLanguage\":\"tr\",\"potentialAction\":[{\"@type\":\"ReadAction\",\"target\":[\"https:\\\/\\\/www.odunsirkesi.com\\\/index.php\\\/teslimat-ve-iade-politikasi\\\/\"]}]},{\"@type\":\"BreadcrumbList\",\"@id\":\"https:\\\/\\\/www.odunsirkesi.com\\\/index.php\\\/teslimat-ve-iade-politikasi\\\/#breadcrumb\",\"itemListElement\":[{\"@type\":\"ListItem\",\"position\":1,\"name\":\"Anasayfa\",\"item\":\"https:\\\/\\\/www.odunsirkesi.com\\\/\"},{\"@type\":\"ListItem\",\"position\":2,\"name\":\"Teslimat ve \u0130ade Politikas\u0131\"}]},{\"@type\":\"WebSite\",\"@id\":\"https:\\\/\\\/www.odunsirkesi.com\\\/#website\",\"url\":\"https:\\\/\\\/www.odunsirkesi.com\\\/\",\"name\":\"Odun Sirkesi Resmi Sitesi\",\"description\":\"Arakorya Ltd., odun sirkesi, &ccedil;am katran\u0131, odun k&ouml;m&uuml;r&uuml;\",\"publisher\":{\"@id\":\"https:\\\/\\\/www.odunsirkesi.com\\\/#organization\"},\"alternateName\":\"camkatrani.com\",\"potentialAction\":[{\"@type\":\"SearchAction\",\"target\":{\"@type\":\"EntryPoint\",\"urlTemplate\":\"https:\\\/\\\/www.odunsirkesi.com\\\/?s={search_term_string}\"},\"query-input\":{\"@type\":\"PropertyValueSpecification\",\"valueRequired\":true,\"valueName\":\"search_term_string\"}}],\"inLanguage\":\"tr\"},{\"@type\":\"Organization\",\"@id\":\"https:\\\/\\\/www.odunsirkesi.com\\\/#organization\",\"name\":\"Odun Sirkesi Resmi Sitesi\",\"alternateName\":\"Arakorya Ltd. \u015eti\",\"url\":\"https:\\\/\\\/www.odunsirkesi.com\\\/\",\"logo\":{\"@type\":\"ImageObject\",\"inLanguage\":\"tr\",\"@id\":\"https:\\\/\\\/www.odunsirkesi.com\\\/#\\\/schema\\\/logo\\\/image\\\/\",\"url\":\"https:\\\/\\\/www.odunsirkesi.com\\\/wp-content\\\/uploads\\\/2024\\\/06\\\/Arakorya_odun_logo_seo.jpg\",\"contentUrl\":\"https:\\\/\\\/www.odunsirkesi.com\\\/wp-content\\\/uploads\\\/2024\\\/06\\\/Arakorya_odun_logo_seo.jpg\",\"width\":696,\"height\":696,\"caption\":\"Odun Sirkesi Resmi Sitesi\"},\"image\":{\"@id\":\"https:\\\/\\\/www.odunsirkesi.com\\\/#\\\/schema\\\/logo\\\/image\\\/\"},\"sameAs\":[\"https:\\\/\\\/www.facebook.com\\\/profile.php?id=61562482255849&mibextid=kFxxJD\",\"https:\\\/\\\/www.youtube.com\\\/channel\\\/UCEnrnsqgR0CZm6j3-cIqblg\"],\"description\":\"Arakorya Ltd. odun sirkesi, \u00e7am katran\u0131 ve odun k\u00f6m\u00fcr\u00fc \u00fcretimi, toptan ve perakende sat\u0131\u015f\u0131n\u0131 yapmaktad\u0131r.\",\"email\":\"info@odunsirkesi.com\",\"telephone\":\"+90 532 4230705\",\"legalName\":\"Arakorya Ltd.\",\"foundingDate\":\"2020-01-01\",\"taxID\":\"0710789751\",\"numberOfEmployees\":{\"@type\":\"QuantitativeValue\",\"minValue\":\"1\",\"maxValue\":\"10\"}}]}<\/script>\n<!-- \/ Yoast SEO Premium plugin. -->","yoast_head_json":{"title":"Teslimat ve \u0130ade Politikas\u0131 - Odun Sirkesi Resmi Sitesi","robots":{"index":"index","follow":"follow","max-snippet":"max-snippet:-1","max-image-preview":"max-image-preview:large","max-video-preview":"max-video-preview:-1"},"canonical":"https:\/\/www.odunsirkesi.com\/index.php\/teslimat-ve-iade-politikasi\/","og_locale":"tr_TR","og_type":"article","og_title":"Teslimat ve \u0130ade Politikas\u0131","og_url":"https:\/\/www.odunsirkesi.com\/index.php\/teslimat-ve-iade-politikasi\/","og_site_name":"Odun Sirkesi Resmi Sitesi","article_publisher":"https:\/\/www.facebook.com\/profile.php?id=61562482255849&mibextid=kFxxJD","article_modified_time":"2024-07-29T19:22:40+00:00","og_image":[{"width":1200,"height":675,"url":"https:\/\/www.odunsirkesi.com\/wp-content\/uploads\/2024\/06\/odun-sirkesi.com_spot_seo.jpg","type":"image\/jpeg"}],"twitter_card":"summary_large_image","twitter_misc":{"Tahmini okuma s\u00fcresi":"9 dakika"},"schema":{"@context":"https:\/\/schema.org","@graph":[{"@type":"WebPage","@id":"https:\/\/www.odunsirkesi.com\/index.php\/teslimat-ve-iade-politikasi\/","url":"https:\/\/www.odunsirkesi.com\/index.php\/teslimat-ve-iade-politikasi\/","name":"Teslimat ve \u0130ade Politikas\u0131 - Odun Sirkesi Resmi Sitesi","isPartOf":{"@id":"https:\/\/www.odunsirkesi.com\/#website"},"datePublished":"2024-07-29T19:21:35+00:00","dateModified":"2024-07-29T19:22:40+00:00","breadcrumb":{"@id":"https:\/\/www.odunsirkesi.com\/index.php\/teslimat-ve-iade-politikasi\/#breadcrumb"},"inLanguage":"tr","potentialAction":[{"@type":"ReadAction","target":["https:\/\/www.odunsirkesi.com\/index.php\/teslimat-ve-iade-politikasi\/"]}]},{"@type":"BreadcrumbList","@id":"https:\/\/www.odunsirkesi.com\/index.php\/teslimat-ve-iade-politikasi\/#breadcrumb","itemListElement":[{"@type":"ListItem","position":1,"name":"Anasayfa","item":"https:\/\/www.odunsirkesi.com\/"},{"@type":"ListItem","position":2,"name":"Teslimat ve \u0130ade Politikas\u0131"}]},{"@type":"WebSite","@id":"https:\/\/www.odunsirkesi.com\/#website","url":"https:\/\/www.odunsirkesi.com\/","name":"Odun Sirkesi Resmi Sitesi","description":"Arakorya Ltd., odun sirkesi, &ccedil;am katran\u0131, odun k&ouml;m&uuml;r&uuml;","publisher":{"@id":"https:\/\/www.odunsirkesi.com\/#organization"},"alternateName":"camkatrani.com","potentialAction":[{"@type":"SearchAction","target":{"@type":"EntryPoint","urlTemplate":"https:\/\/www.odunsirkesi.com\/?s={search_term_string}"},"query-input":{"@type":"PropertyValueSpecification","valueRequired":true,"valueName":"search_term_string"}}],"inLanguage":"tr"},{"@type":"Organization","@id":"https:\/\/www.odunsirkesi.com\/#organization","name":"Odun Sirkesi Resmi Sitesi","alternateName":"Arakorya Ltd. \u015eti","url":"https:\/\/www.odunsirkesi.com\/","logo":{"@type":"ImageObject","inLanguage":"tr","@id":"https:\/\/www.odunsirkesi.com\/#\/schema\/logo\/image\/","url":"https:\/\/www.odunsirkesi.com\/wp-content\/uploads\/2024\/06\/Arakorya_odun_logo_seo.jpg","contentUrl":"https:\/\/www.odunsirkesi.com\/wp-content\/uploads\/2024\/06\/Arakorya_odun_logo_seo.jpg","width":696,"height":696,"caption":"Odun Sirkesi Resmi Sitesi"},"image":{"@id":"https:\/\/www.odunsirkesi.com\/#\/schema\/logo\/image\/"},"sameAs":["https:\/\/www.facebook.com\/profile.php?id=61562482255849&mibextid=kFxxJD","https:\/\/www.youtube.com\/channel\/UCEnrnsqgR0CZm6j3-cIqblg"],"description":"Arakorya Ltd. odun sirkesi, \u00e7am katran\u0131 ve odun k\u00f6m\u00fcr\u00fc \u00fcretimi, toptan ve perakende sat\u0131\u015f\u0131n\u0131 yapmaktad\u0131r.","email":"info@odunsirkesi.com","telephone":"+90 532 4230705","legalName":"Arakorya Ltd.","foundingDate":"2020-01-01","taxID":"0710789751","numberOfEmployees":{"@type":"QuantitativeValue","minValue":"1","maxValue":"10"}}]}},"_links":{"self":[{"href":"https:\/\/www.odunsirkesi.com\/index.php\/wp-json\/wp\/v2\/pages\/1783","targetHints":{"allow":["GET"]}}],"collection":[{"href":"https:\/\/www.odunsirkesi.com\/index.php\/wp-json\/wp\/v2\/pages"}],"about":[{"href":"https:\/\/www.odunsirkesi.com\/index.php\/wp-json\/wp\/v2\/types\/page"}],"author":[{"embeddable":true,"href":"https:\/\/www.odunsirkesi.com\/index.php\/wp-json\/wp\/v2\/users\/1"}],"replies":[{"embeddable":true,"href":"https:\/\/www.odunsirkesi.com\/index.php\/wp-json\/wp\/v2\/comments?post=1783"}],"version-history":[{"count":0,"href":"https:\/\/www.odunsirkesi.com\/index.php\/wp-json\/wp\/v2\/pages\/1783\/revisions"}],"wp:attachment":[{"href":"https:\/\/www.odunsirkesi.com\/index.php\/wp-json\/wp\/v2\/media?parent=1783"}],"curies":[{"name":"wp","href":"https:\/\/api.w.org\/{rel}","templated":true}]}}