{"id":1321,"date":"2024-06-30T14:48:09","date_gmt":"2024-06-30T11:48:09","guid":{"rendered":"https:\/\/www.odunsirkesi.com\/index.php\/sepet\/"},"modified":"2024-06-30T14:48:09","modified_gmt":"2024-06-30T11:48:09","slug":"sepet","status":"publish","type":"page","link":"https:\/\/www.odunsirkesi.com\/index.php\/sepet\/","title":{"rendered":"Sepet"},"content":{"rendered":"\n<div data-block-name=\"woocommerce\/cart\" class=\"wp-block-woocommerce-cart alignwide is-loading\">\n<div data-block-name=\"woocommerce\/filled-cart-block\" class=\"wp-block-woocommerce-filled-cart-block\">\n<div data-block-name=\"woocommerce\/cart-items-block\" class=\"wp-block-woocommerce-cart-items-block\">\n<div data-block-name=\"woocommerce\/cart-line-items-block\" class=\"wp-block-woocommerce-cart-line-items-block\"><\/div>\n\n\n\n<div data-block-name=\"woocommerce\/cart-cross-sells-block\" class=\"wp-block-woocommerce-cart-cross-sells-block\">\n<h2 class=\"wp-block-heading has-large-font-size\">\u0130lginizi \u00e7ekebilir\u2026<\/h2>\n\n\n\n<div data-block-name=\"woocommerce\/cart-cross-sells-products-block\" class=\"wp-block-woocommerce-cart-cross-sells-products-block\"><\/div>\n<\/div>\n<\/div>\n\n\n\n<div data-block-name=\"woocommerce\/cart-totals-block\" class=\"wp-block-woocommerce-cart-totals-block\">\n<div data-block-name=\"woocommerce\/cart-order-summary-block\" class=\"wp-block-woocommerce-cart-order-summary-block\">\n<div data-block-name=\"woocommerce\/cart-order-summary-heading-block\" class=\"wp-block-woocommerce-cart-order-summary-heading-block\"><\/div><div data-block-name=\"woocommerce\/cart-order-summary-coupon-form-block\" class=\"wp-block-woocommerce-cart-order-summary-coupon-form-block\"><\/div><div data-block-name=\"woocommerce\/cart-order-summary-totals-block\" class=\"wp-block-woocommerce-cart-order-summary-totals-block\">\n<div data-block-name=\"woocommerce\/cart-order-summary-subtotal-block\" class=\"wp-block-woocommerce-cart-order-summary-subtotal-block\"><\/div>\n<div data-block-name=\"woocommerce\/cart-order-summary-discount-block\" class=\"wp-block-woocommerce-cart-order-summary-discount-block\"><\/div>\n<div data-block-name=\"woocommerce\/cart-order-summary-fee-block\" class=\"wp-block-woocommerce-cart-order-summary-fee-block\"><\/div>\n<div data-block-name=\"woocommerce\/cart-order-summary-shipping-block\" class=\"wp-block-woocommerce-cart-order-summary-shipping-block\"><\/div>\n<div data-block-name=\"woocommerce\/cart-order-summary-taxes-block\" class=\"wp-block-woocommerce-cart-order-summary-taxes-block\"><\/div><\/div>\n<\/div>\n\n\n\n<div data-block-name=\"woocommerce\/cart-express-payment-block\" class=\"wp-block-woocommerce-cart-express-payment-block\"><\/div>\n\n\n\n<div data-block-name=\"woocommerce\/proceed-to-checkout-block\" class=\"wp-block-woocommerce-proceed-to-checkout-block\"><\/div>\n\n\n\n<div data-block-name=\"woocommerce\/cart-accepted-payment-methods-block\" class=\"wp-block-woocommerce-cart-accepted-payment-methods-block\"><\/div>\n<\/div>\n<\/div>\n\n\n\n<div data-block-name=\"woocommerce\/empty-cart-block\" class=\"wp-block-woocommerce-empty-cart-block\">\n<h2 class=\"wp-block-heading has-text-align-center with-empty-cart-icon wc-block-cart__empty-cart__title\">Sepetiniz \u015fu anda bo\u015f!<\/h2>\n\n\n\n<hr class=\"wp-block-separator has-alpha-channel-opacity is-style-dots\"\/>\n\n\n\n<h2 class=\"wp-block-heading has-text-align-center\">Ma\u011fazada yeni<\/h2>\n\n\n<div data-block-name=\"woocommerce\/product-new\" data-columns=\"4\" data-rows=\"1\" class=\"wc-block-grid wp-block-product-new wp-block-woocommerce-product-new wc-block-product-new has-4-columns\"><ul class=\"wc-block-grid__products\"><li class=\"wc-block-grid__product\">\n\t\t\t\t<a href=\"https:\/\/www.odunsirkesi.com\/index.php\/urun\/sedir-katrani-andiz-katrani-5-kg\/\" class=\"wc-block-grid__product-link\">\n\t\t\t\t\t<div class=\"wc-block-grid__product-onsale\">\n\t\t\t<span aria-hidden=\"true\">\u0130ndirim<\/span>\n\t\t\t<span class=\"screen-reader-text\">\u0130ndirimdeki \u00fcr\u00fcn<\/span>\n\t\t<\/div>\n\t\t\t\t\t<div class=\"wc-block-grid__product-image\"><img decoding=\"async\" width=\"500\" height=\"453\" src=\"https:\/\/www.odunsirkesi.com\/wp-content\/uploads\/2024\/11\/Sedir-Katrani-5Kg-500x453.jpg\" class=\"attachment-woocommerce_thumbnail size-woocommerce_thumbnail lazyload\" alt=\"Sedir Katran\u0131 (And\u0131z Katran\u0131) \u00dcretimi, Sat\u0131\u015f\u0131\" srcset=\"data:image\/svg+xml,%3Csvg%20xmlns%3D%27http%3A%2F%2Fwww.w3.org%2F2000%2Fsvg%27%20width%3D%272560%27%20height%3D%272318%27%20viewBox%3D%270%200%202560%202318%27%3E%3Crect%20width%3D%272560%27%20height%3D%272318%27%20fill-opacity%3D%220%22%2F%3E%3C%2Fsvg%3E\" data-orig-src=\"https:\/\/www.odunsirkesi.com\/wp-content\/uploads\/2024\/11\/Sedir-Katrani-5Kg-500x453.jpg\" data-srcset=\"https:\/\/www.odunsirkesi.com\/wp-content\/uploads\/2024\/11\/Sedir-Katrani-5Kg-200x181.jpg 200w, https:\/\/www.odunsirkesi.com\/wp-content\/uploads\/2024\/11\/Sedir-Katrani-5Kg-300x272.jpg 300w, https:\/\/www.odunsirkesi.com\/wp-content\/uploads\/2024\/11\/Sedir-Katrani-5Kg-400x362.jpg 400w, https:\/\/www.odunsirkesi.com\/wp-content\/uploads\/2024\/11\/Sedir-Katrani-5Kg-500x453.jpg 500w, https:\/\/www.odunsirkesi.com\/wp-content\/uploads\/2024\/11\/Sedir-Katrani-5Kg-600x543.jpg 600w, https:\/\/www.odunsirkesi.com\/wp-content\/uploads\/2024\/11\/Sedir-Katrani-5Kg-700x634.jpg 700w, https:\/\/www.odunsirkesi.com\/wp-content\/uploads\/2024\/11\/Sedir-Katrani-5Kg-768x695.jpg 768w, https:\/\/www.odunsirkesi.com\/wp-content\/uploads\/2024\/11\/Sedir-Katrani-5Kg-800x724.jpg 800w, https:\/\/www.odunsirkesi.com\/wp-content\/uploads\/2024\/11\/Sedir-Katrani-5Kg-1024x927.jpg 1024w, https:\/\/www.odunsirkesi.com\/wp-content\/uploads\/2024\/11\/Sedir-Katrani-5Kg-1200x1086.jpg 1200w, https:\/\/www.odunsirkesi.com\/wp-content\/uploads\/2024\/11\/Sedir-Katrani-5Kg-1536x1391.jpg 1536w\" data-sizes=\"auto\" \/><\/div>\n\t\t\t\t\t<div class=\"wc-block-grid__product-title\">Sedir Katran\u0131 (And\u0131z Katran\u0131) 5 Kg<\/div>\n\t\t\t\t<\/a>\n\t\t\t\t<div class=\"wc-block-grid__product-price price\"><del aria-hidden=\"true\"><span class=\"woocommerce-Price-amount amount\"><span class=\"woocommerce-Price-currencySymbol\">&#8378;<\/span>6.500,00<\/span><\/del> <span class=\"screen-reader-text\">Orijinal fiyat: &#8378;6.500,00.<\/span><ins aria-hidden=\"true\"><span class=\"woocommerce-Price-amount amount\"><span class=\"woocommerce-Price-currencySymbol\">&#8378;<\/span>5.700,00<\/span><\/ins><span class=\"screen-reader-text\">\u015eu andaki fiyat: &#8378;5.700,00.<\/span><\/div>\n\t\t\t\t\n\t\t\t\t<div class=\"wp-block-button wc-block-grid__product-add-to-cart\"><a href=\"\/index.php\/wp-json\/wp\/v2\/pages\/1321?add-to-cart=2340\" aria-label=\"Sepete ekle: \u201cSedir Katran\u0131 (And\u0131z Katran\u0131) 5 Kg\u201d\" data-quantity=\"1\" data-product_id=\"2340\" data-product_sku=\"ardc-5-1-1\" data-price=\"5700\" rel=\"nofollow\" class=\"wp-block-button__link  add_to_cart_button ajax_add_to_cart\">Sepete Ekle<\/a><\/div>\n\t\t\t<\/li><li class=\"wc-block-grid__product\">\n\t\t\t\t<a href=\"https:\/\/www.odunsirkesi.com\/index.php\/urun\/sedir-katrani-andiz-katrani-1-kg\/\" class=\"wc-block-grid__product-link\">\n\t\t\t\t\t<div class=\"wc-block-grid__product-onsale\">\n\t\t\t<span aria-hidden=\"true\">\u0130ndirim<\/span>\n\t\t\t<span class=\"screen-reader-text\">\u0130ndirimdeki \u00fcr\u00fcn<\/span>\n\t\t<\/div>\n\t\t\t\t\t<div class=\"wc-block-grid__product-image\"><img decoding=\"async\" width=\"500\" height=\"600\" src=\"https:\/\/www.odunsirkesi.com\/wp-content\/uploads\/2024\/11\/Sedir-Katrani-1Kg-500x600.jpg\" class=\"attachment-woocommerce_thumbnail size-woocommerce_thumbnail lazyload\" alt=\"Sedir Katran\u0131 1 Kg\" srcset=\"data:image\/svg+xml,%3Csvg%20xmlns%3D%27http%3A%2F%2Fwww.w3.org%2F2000%2Fsvg%27%20width%3D%272133%27%20height%3D%272560%27%20viewBox%3D%270%200%202133%202560%27%3E%3Crect%20width%3D%272133%27%20height%3D%272560%27%20fill-opacity%3D%220%22%2F%3E%3C%2Fsvg%3E\" data-orig-src=\"https:\/\/www.odunsirkesi.com\/wp-content\/uploads\/2024\/11\/Sedir-Katrani-1Kg-500x600.jpg\" data-srcset=\"https:\/\/www.odunsirkesi.com\/wp-content\/uploads\/2024\/11\/Sedir-Katrani-1Kg-200x240.jpg 200w, https:\/\/www.odunsirkesi.com\/wp-content\/uploads\/2024\/11\/Sedir-Katrani-1Kg-250x300.jpg 250w, https:\/\/www.odunsirkesi.com\/wp-content\/uploads\/2024\/11\/Sedir-Katrani-1Kg-400x480.jpg 400w, https:\/\/www.odunsirkesi.com\/wp-content\/uploads\/2024\/11\/Sedir-Katrani-1Kg-500x600.jpg 500w, https:\/\/www.odunsirkesi.com\/wp-content\/uploads\/2024\/11\/Sedir-Katrani-1Kg-600x720.jpg 600w, https:\/\/www.odunsirkesi.com\/wp-content\/uploads\/2024\/11\/Sedir-Katrani-1Kg-700x840.jpg 700w, https:\/\/www.odunsirkesi.com\/wp-content\/uploads\/2024\/11\/Sedir-Katrani-1Kg-768x922.jpg 768w, https:\/\/www.odunsirkesi.com\/wp-content\/uploads\/2024\/11\/Sedir-Katrani-1Kg-800x960.jpg 800w, https:\/\/www.odunsirkesi.com\/wp-content\/uploads\/2024\/11\/Sedir-Katrani-1Kg-853x1024.jpg 853w, https:\/\/www.odunsirkesi.com\/wp-content\/uploads\/2024\/11\/Sedir-Katrani-1Kg-1200x1440.jpg 1200w, https:\/\/www.odunsirkesi.com\/wp-content\/uploads\/2024\/11\/Sedir-Katrani-1Kg-1280x1536.jpg 1280w, https:\/\/www.odunsirkesi.com\/wp-content\/uploads\/2024\/11\/Sedir-Katrani-1Kg-1706x2048.jpg 1706w\" data-sizes=\"auto\" \/><\/div>\n\t\t\t\t\t<div class=\"wc-block-grid__product-title\">Sedir Katran\u0131 (And\u0131z Katran\u0131) 1 Kg<\/div>\n\t\t\t\t<\/a>\n\t\t\t\t<div class=\"wc-block-grid__product-price price\"><del aria-hidden=\"true\"><span class=\"woocommerce-Price-amount amount\"><span class=\"woocommerce-Price-currencySymbol\">&#8378;<\/span>2.000,00<\/span><\/del> <span class=\"screen-reader-text\">Orijinal fiyat: &#8378;2.000,00.<\/span><ins aria-hidden=\"true\"><span class=\"woocommerce-Price-amount amount\"><span class=\"woocommerce-Price-currencySymbol\">&#8378;<\/span>1.800,00<\/span><\/ins><span class=\"screen-reader-text\">\u015eu andaki fiyat: &#8378;1.800,00.<\/span><\/div>\n\t\t\t\t\n\t\t\t\t<div class=\"wp-block-button wc-block-grid__product-add-to-cart\"><a href=\"\/index.php\/wp-json\/wp\/v2\/pages\/1321?add-to-cart=2336\" aria-label=\"Sepete ekle: \u201cSedir Katran\u0131 (And\u0131z Katran\u0131) 1 Kg\u201d\" data-quantity=\"1\" data-product_id=\"2336\" data-product_sku=\"ardc-5-1\" data-price=\"1800\" rel=\"nofollow\" class=\"wp-block-button__link  add_to_cart_button ajax_add_to_cart\">Sepete Ekle<\/a><\/div>\n\t\t\t<\/li><li class=\"wc-block-grid__product\">\n\t\t\t\t<a href=\"https:\/\/www.odunsirkesi.com\/index.php\/urun\/neft-ince-katran-sari-katran-5-kg\/\" class=\"wc-block-grid__product-link\">\n\t\t\t\t\t<div class=\"wc-block-grid__product-onsale\">\n\t\t\t<span aria-hidden=\"true\">\u0130ndirim<\/span>\n\t\t\t<span class=\"screen-reader-text\">\u0130ndirimdeki \u00fcr\u00fcn<\/span>\n\t\t<\/div>\n\t\t\t\t\t<div class=\"wc-block-grid__product-image\"><img decoding=\"async\" width=\"500\" height=\"449\" src=\"https:\/\/www.odunsirkesi.com\/wp-content\/uploads\/2024\/08\/neft5lt-1-500x449.jpg\" class=\"attachment-woocommerce_thumbnail size-woocommerce_thumbnail lazyload\" alt=\"neft ince sar\u0131 katran\" srcset=\"data:image\/svg+xml,%3Csvg%20xmlns%3D%27http%3A%2F%2Fwww.w3.org%2F2000%2Fsvg%27%20width%3D%272504%27%20height%3D%272248%27%20viewBox%3D%270%200%202504%202248%27%3E%3Crect%20width%3D%272504%27%20height%3D%272248%27%20fill-opacity%3D%220%22%2F%3E%3C%2Fsvg%3E\" data-orig-src=\"https:\/\/www.odunsirkesi.com\/wp-content\/uploads\/2024\/08\/neft5lt-1-500x449.jpg\" data-srcset=\"https:\/\/www.odunsirkesi.com\/wp-content\/uploads\/2024\/08\/neft5lt-1-200x180.jpg 200w, https:\/\/www.odunsirkesi.com\/wp-content\/uploads\/2024\/08\/neft5lt-1-300x269.jpg 300w, https:\/\/www.odunsirkesi.com\/wp-content\/uploads\/2024\/08\/neft5lt-1-400x359.jpg 400w, https:\/\/www.odunsirkesi.com\/wp-content\/uploads\/2024\/08\/neft5lt-1-500x449.jpg 500w, https:\/\/www.odunsirkesi.com\/wp-content\/uploads\/2024\/08\/neft5lt-1-600x539.jpg 600w, https:\/\/www.odunsirkesi.com\/wp-content\/uploads\/2024\/08\/neft5lt-1-700x628.jpg 700w, https:\/\/www.odunsirkesi.com\/wp-content\/uploads\/2024\/08\/neft5lt-1-768x689.jpg 768w, https:\/\/www.odunsirkesi.com\/wp-content\/uploads\/2024\/08\/neft5lt-1-800x718.jpg 800w, https:\/\/www.odunsirkesi.com\/wp-content\/uploads\/2024\/08\/neft5lt-1-1024x919.jpg 1024w, https:\/\/www.odunsirkesi.com\/wp-content\/uploads\/2024\/08\/neft5lt-1-1200x1077.jpg 1200w, https:\/\/www.odunsirkesi.com\/wp-content\/uploads\/2024\/08\/neft5lt-1-1536x1379.jpg 1536w\" data-sizes=\"auto\" \/><\/div>\n\t\t\t\t\t<div class=\"wc-block-grid__product-title\">Neft (\u0130nce Katran-Sar\u0131 Katran) 5 KG<\/div>\n\t\t\t\t<\/a>\n\t\t\t\t<div class=\"wc-block-grid__product-price price\"><del aria-hidden=\"true\"><span class=\"woocommerce-Price-amount amount\"><span class=\"woocommerce-Price-currencySymbol\">&#8378;<\/span>1.750,00<\/span><\/del> <span class=\"screen-reader-text\">Orijinal fiyat: &#8378;1.750,00.<\/span><ins aria-hidden=\"true\"><span class=\"woocommerce-Price-amount amount\"><span class=\"woocommerce-Price-currencySymbol\">&#8378;<\/span>1.600,00<\/span><\/ins><span class=\"screen-reader-text\">\u015eu andaki fiyat: &#8378;1.600,00.<\/span><\/div>\n\t\t\t\t\n\t\t\t\t<div class=\"wp-block-button wc-block-grid__product-add-to-cart\"><a href=\"\/index.php\/wp-json\/wp\/v2\/pages\/1321?add-to-cart=1864\" aria-label=\"Sepete ekle: \u201cNeft (\u0130nce Katran-Sar\u0131 Katran) 5 KG\u201d\" data-quantity=\"1\" data-product_id=\"1864\" data-product_sku=\"nft5\" data-price=\"1600\" rel=\"nofollow\" class=\"wp-block-button__link  add_to_cart_button ajax_add_to_cart\">Sepete Ekle<\/a><\/div>\n\t\t\t<\/li><li class=\"wc-block-grid__product\">\n\t\t\t\t<a href=\"https:\/\/www.odunsirkesi.com\/index.php\/urun\/neft-ince-katran-sari-katran-1-kg\/\" class=\"wc-block-grid__product-link\">\n\t\t\t\t\t<div class=\"wc-block-grid__product-onsale\">\n\t\t\t<span aria-hidden=\"true\">\u0130ndirim<\/span>\n\t\t\t<span class=\"screen-reader-text\">\u0130ndirimdeki \u00fcr\u00fcn<\/span>\n\t\t<\/div>\n\t\t\t\t\t<div class=\"wc-block-grid__product-image\"><img decoding=\"async\" width=\"500\" height=\"590\" src=\"https:\/\/www.odunsirkesi.com\/wp-content\/uploads\/2024\/08\/neft1lt-2-500x590.jpg\" class=\"attachment-woocommerce_thumbnail size-woocommerce_thumbnail lazyload\" alt=\"neft ince sar\u0131 katran\" srcset=\"data:image\/svg+xml,%3Csvg%20xmlns%3D%27http%3A%2F%2Fwww.w3.org%2F2000%2Fsvg%27%20width%3D%272169%27%20height%3D%272560%27%20viewBox%3D%270%200%202169%202560%27%3E%3Crect%20width%3D%272169%27%20height%3D%272560%27%20fill-opacity%3D%220%22%2F%3E%3C%2Fsvg%3E\" data-orig-src=\"https:\/\/www.odunsirkesi.com\/wp-content\/uploads\/2024\/08\/neft1lt-2-500x590.jpg\" data-srcset=\"https:\/\/www.odunsirkesi.com\/wp-content\/uploads\/2024\/08\/neft1lt-2-200x236.jpg 200w, https:\/\/www.odunsirkesi.com\/wp-content\/uploads\/2024\/08\/neft1lt-2-254x300.jpg 254w, https:\/\/www.odunsirkesi.com\/wp-content\/uploads\/2024\/08\/neft1lt-2-400x472.jpg 400w, https:\/\/www.odunsirkesi.com\/wp-content\/uploads\/2024\/08\/neft1lt-2-500x590.jpg 500w, https:\/\/www.odunsirkesi.com\/wp-content\/uploads\/2024\/08\/neft1lt-2-600x708.jpg 600w, https:\/\/www.odunsirkesi.com\/wp-content\/uploads\/2024\/08\/neft1lt-2-700x826.jpg 700w, https:\/\/www.odunsirkesi.com\/wp-content\/uploads\/2024\/08\/neft1lt-2-768x906.jpg 768w, https:\/\/www.odunsirkesi.com\/wp-content\/uploads\/2024\/08\/neft1lt-2-800x944.jpg 800w, https:\/\/www.odunsirkesi.com\/wp-content\/uploads\/2024\/08\/neft1lt-2-868x1024.jpg 868w, https:\/\/www.odunsirkesi.com\/wp-content\/uploads\/2024\/08\/neft1lt-2-1200x1416.jpg 1200w, https:\/\/www.odunsirkesi.com\/wp-content\/uploads\/2024\/08\/neft1lt-2-1301x1536.jpg 1301w, https:\/\/www.odunsirkesi.com\/wp-content\/uploads\/2024\/08\/neft1lt-2-1735x2048.jpg 1735w\" data-sizes=\"auto\" \/><\/div>\n\t\t\t\t\t<div class=\"wc-block-grid__product-title\">Sar\u0131 Katran (Neft-\u0130nce Katran) 1kg<\/div>\n\t\t\t\t<\/a>\n\t\t\t\t<div class=\"wc-block-grid__product-price price\"><del aria-hidden=\"true\"><span class=\"woocommerce-Price-amount amount\"><span class=\"woocommerce-Price-currencySymbol\">&#8378;<\/span>650,00<\/span><\/del> <span class=\"screen-reader-text\">Orijinal fiyat: &#8378;650,00.<\/span><ins aria-hidden=\"true\"><span class=\"woocommerce-Price-amount amount\"><span class=\"woocommerce-Price-currencySymbol\">&#8378;<\/span>500,00<\/span><\/ins><span class=\"screen-reader-text\">\u015eu andaki fiyat: &#8378;500,00.<\/span><\/div>\n\t\t\t\t\n\t\t\t\t<div class=\"wp-block-button wc-block-grid__product-add-to-cart\"><a href=\"\/index.php\/wp-json\/wp\/v2\/pages\/1321?add-to-cart=1857\" aria-label=\"Sepete ekle: \u201cSar\u0131 Katran (Neft-\u0130nce Katran) 1kg\u201d\" data-quantity=\"1\" data-product_id=\"1857\" data-product_sku=\"nft1\" data-price=\"500\" rel=\"nofollow\" class=\"wp-block-button__link  add_to_cart_button ajax_add_to_cart\">Sepete Ekle<\/a><\/div>\n\t\t\t<\/li><\/ul><\/div><\/div>\n<\/div>\n","protected":false},"excerpt":{"rendered":"","protected":false},"author":1,"featured_media":0,"parent":0,"menu_order":0,"comment_status":"closed","ping_status":"closed","template":"","meta":{"_acf_changed":false,"footnotes":""},"class_list":["post-1321","page","type-page","status-publish","hentry"],"acf":[],"yoast_head":"<!-- This site is optimized with the Yoast SEO Premium plugin v25.7.1 (Yoast SEO v27.4) - https:\/\/yoast.com\/product\/yoast-seo-premium-wordpress\/ -->\n<title>Sepet - Odun Sirkesi Resmi Sitesi<\/title>\n<meta name=\"robots\" content=\"index, follow, max-snippet:-1, max-image-preview:large, max-video-preview:-1\" \/>\n<link rel=\"canonical\" href=\"https:\/\/www.odunsirkesi.com\/index.php\/sepet\/\" \/>\n<meta property=\"og:locale\" content=\"tr_TR\" \/>\n<meta property=\"og:type\" content=\"article\" \/>\n<meta property=\"og:title\" content=\"Sepet\" \/>\n<meta property=\"og:url\" content=\"https:\/\/www.odunsirkesi.com\/index.php\/sepet\/\" \/>\n<meta property=\"og:site_name\" content=\"Odun Sirkesi Resmi Sitesi\" \/>\n<meta property=\"article:publisher\" content=\"https:\/\/www.facebook.com\/profile.php?id=61562482255849&amp;mibextid=kFxxJD\" \/>\n<meta property=\"og:image\" content=\"https:\/\/www.odunsirkesi.com\/wp-content\/uploads\/2024\/06\/odun-sirkesi.com_spot_seo.jpg\" \/>\n\t<meta property=\"og:image:width\" content=\"1200\" \/>\n\t<meta property=\"og:image:height\" content=\"675\" \/>\n\t<meta property=\"og:image:type\" content=\"image\/jpeg\" \/>\n<meta name=\"twitter:card\" content=\"summary_large_image\" \/>\n<script type=\"application\/ld+json\" class=\"yoast-schema-graph\">{\"@context\":\"https:\\\/\\\/schema.org\",\"@graph\":[{\"@type\":\"WebPage\",\"@id\":\"https:\\\/\\\/www.odunsirkesi.com\\\/index.php\\\/sepet\\\/\",\"url\":\"https:\\\/\\\/www.odunsirkesi.com\\\/index.php\\\/sepet\\\/\",\"name\":\"Sepet - Odun Sirkesi Resmi Sitesi\",\"isPartOf\":{\"@id\":\"https:\\\/\\\/www.odunsirkesi.com\\\/#website\"},\"datePublished\":\"2024-06-30T11:48:09+00:00\",\"breadcrumb\":{\"@id\":\"https:\\\/\\\/www.odunsirkesi.com\\\/index.php\\\/sepet\\\/#breadcrumb\"},\"inLanguage\":\"tr\",\"potentialAction\":[{\"@type\":\"ReadAction\",\"target\":[\"https:\\\/\\\/www.odunsirkesi.com\\\/index.php\\\/sepet\\\/\"]}]},{\"@type\":\"BreadcrumbList\",\"@id\":\"https:\\\/\\\/www.odunsirkesi.com\\\/index.php\\\/sepet\\\/#breadcrumb\",\"itemListElement\":[{\"@type\":\"ListItem\",\"position\":1,\"name\":\"Anasayfa\",\"item\":\"https:\\\/\\\/www.odunsirkesi.com\\\/\"},{\"@type\":\"ListItem\",\"position\":2,\"name\":\"Sepet\"}]},{\"@type\":\"WebSite\",\"@id\":\"https:\\\/\\\/www.odunsirkesi.com\\\/#website\",\"url\":\"https:\\\/\\\/www.odunsirkesi.com\\\/\",\"name\":\"Odun Sirkesi Resmi Sitesi\",\"description\":\"Arakorya Ltd., odun sirkesi, &ccedil;am katran\u0131, odun k&ouml;m&uuml;r&uuml;\",\"publisher\":{\"@id\":\"https:\\\/\\\/www.odunsirkesi.com\\\/#organization\"},\"alternateName\":\"camkatrani.com\",\"potentialAction\":[{\"@type\":\"SearchAction\",\"target\":{\"@type\":\"EntryPoint\",\"urlTemplate\":\"https:\\\/\\\/www.odunsirkesi.com\\\/?s={search_term_string}\"},\"query-input\":{\"@type\":\"PropertyValueSpecification\",\"valueRequired\":true,\"valueName\":\"search_term_string\"}}],\"inLanguage\":\"tr\"},{\"@type\":\"Organization\",\"@id\":\"https:\\\/\\\/www.odunsirkesi.com\\\/#organization\",\"name\":\"Odun Sirkesi Resmi Sitesi\",\"alternateName\":\"Arakorya Ltd. \u015eti\",\"url\":\"https:\\\/\\\/www.odunsirkesi.com\\\/\",\"logo\":{\"@type\":\"ImageObject\",\"inLanguage\":\"tr\",\"@id\":\"https:\\\/\\\/www.odunsirkesi.com\\\/#\\\/schema\\\/logo\\\/image\\\/\",\"url\":\"https:\\\/\\\/www.odunsirkesi.com\\\/wp-content\\\/uploads\\\/2024\\\/06\\\/Arakorya_odun_logo_seo.jpg\",\"contentUrl\":\"https:\\\/\\\/www.odunsirkesi.com\\\/wp-content\\\/uploads\\\/2024\\\/06\\\/Arakorya_odun_logo_seo.jpg\",\"width\":696,\"height\":696,\"caption\":\"Odun Sirkesi Resmi Sitesi\"},\"image\":{\"@id\":\"https:\\\/\\\/www.odunsirkesi.com\\\/#\\\/schema\\\/logo\\\/image\\\/\"},\"sameAs\":[\"https:\\\/\\\/www.facebook.com\\\/profile.php?id=61562482255849&mibextid=kFxxJD\",\"https:\\\/\\\/www.youtube.com\\\/channel\\\/UCEnrnsqgR0CZm6j3-cIqblg\"],\"description\":\"Arakorya Ltd. odun sirkesi, \u00e7am katran\u0131 ve odun k\u00f6m\u00fcr\u00fc \u00fcretimi, toptan ve perakende sat\u0131\u015f\u0131n\u0131 yapmaktad\u0131r.\",\"email\":\"info@odunsirkesi.com\",\"telephone\":\"+90 532 4230705\",\"legalName\":\"Arakorya Ltd.\",\"foundingDate\":\"2020-01-01\",\"taxID\":\"0710789751\",\"numberOfEmployees\":{\"@type\":\"QuantitativeValue\",\"minValue\":\"1\",\"maxValue\":\"10\"}}]}<\/script>\n<!-- \/ Yoast SEO Premium plugin. -->","yoast_head_json":{"title":"Sepet - Odun Sirkesi Resmi Sitesi","robots":{"index":"index","follow":"follow","max-snippet":"max-snippet:-1","max-image-preview":"max-image-preview:large","max-video-preview":"max-video-preview:-1"},"canonical":"https:\/\/www.odunsirkesi.com\/index.php\/sepet\/","og_locale":"tr_TR","og_type":"article","og_title":"Sepet","og_url":"https:\/\/www.odunsirkesi.com\/index.php\/sepet\/","og_site_name":"Odun Sirkesi Resmi Sitesi","article_publisher":"https:\/\/www.facebook.com\/profile.php?id=61562482255849&mibextid=kFxxJD","og_image":[{"width":1200,"height":675,"url":"https:\/\/www.odunsirkesi.com\/wp-content\/uploads\/2024\/06\/odun-sirkesi.com_spot_seo.jpg","type":"image\/jpeg"}],"twitter_card":"summary_large_image","schema":{"@context":"https:\/\/schema.org","@graph":[{"@type":"WebPage","@id":"https:\/\/www.odunsirkesi.com\/index.php\/sepet\/","url":"https:\/\/www.odunsirkesi.com\/index.php\/sepet\/","name":"Sepet - Odun Sirkesi Resmi Sitesi","isPartOf":{"@id":"https:\/\/www.odunsirkesi.com\/#website"},"datePublished":"2024-06-30T11:48:09+00:00","breadcrumb":{"@id":"https:\/\/www.odunsirkesi.com\/index.php\/sepet\/#breadcrumb"},"inLanguage":"tr","potentialAction":[{"@type":"ReadAction","target":["https:\/\/www.odunsirkesi.com\/index.php\/sepet\/"]}]},{"@type":"BreadcrumbList","@id":"https:\/\/www.odunsirkesi.com\/index.php\/sepet\/#breadcrumb","itemListElement":[{"@type":"ListItem","position":1,"name":"Anasayfa","item":"https:\/\/www.odunsirkesi.com\/"},{"@type":"ListItem","position":2,"name":"Sepet"}]},{"@type":"WebSite","@id":"https:\/\/www.odunsirkesi.com\/#website","url":"https:\/\/www.odunsirkesi.com\/","name":"Odun Sirkesi Resmi Sitesi","description":"Arakorya Ltd., odun sirkesi, &ccedil;am katran\u0131, odun k&ouml;m&uuml;r&uuml;","publisher":{"@id":"https:\/\/www.odunsirkesi.com\/#organization"},"alternateName":"camkatrani.com","potentialAction":[{"@type":"SearchAction","target":{"@type":"EntryPoint","urlTemplate":"https:\/\/www.odunsirkesi.com\/?s={search_term_string}"},"query-input":{"@type":"PropertyValueSpecification","valueRequired":true,"valueName":"search_term_string"}}],"inLanguage":"tr"},{"@type":"Organization","@id":"https:\/\/www.odunsirkesi.com\/#organization","name":"Odun Sirkesi Resmi Sitesi","alternateName":"Arakorya Ltd. \u015eti","url":"https:\/\/www.odunsirkesi.com\/","logo":{"@type":"ImageObject","inLanguage":"tr","@id":"https:\/\/www.odunsirkesi.com\/#\/schema\/logo\/image\/","url":"https:\/\/www.odunsirkesi.com\/wp-content\/uploads\/2024\/06\/Arakorya_odun_logo_seo.jpg","contentUrl":"https:\/\/www.odunsirkesi.com\/wp-content\/uploads\/2024\/06\/Arakorya_odun_logo_seo.jpg","width":696,"height":696,"caption":"Odun Sirkesi Resmi Sitesi"},"image":{"@id":"https:\/\/www.odunsirkesi.com\/#\/schema\/logo\/image\/"},"sameAs":["https:\/\/www.facebook.com\/profile.php?id=61562482255849&mibextid=kFxxJD","https:\/\/www.youtube.com\/channel\/UCEnrnsqgR0CZm6j3-cIqblg"],"description":"Arakorya Ltd. odun sirkesi, \u00e7am katran\u0131 ve odun k\u00f6m\u00fcr\u00fc \u00fcretimi, toptan ve perakende sat\u0131\u015f\u0131n\u0131 yapmaktad\u0131r.","email":"info@odunsirkesi.com","telephone":"+90 532 4230705","legalName":"Arakorya Ltd.","foundingDate":"2020-01-01","taxID":"0710789751","numberOfEmployees":{"@type":"QuantitativeValue","minValue":"1","maxValue":"10"}}]}},"_links":{"self":[{"href":"https:\/\/www.odunsirkesi.com\/index.php\/wp-json\/wp\/v2\/pages\/1321","targetHints":{"allow":["GET"]}}],"collection":[{"href":"https:\/\/www.odunsirkesi.com\/index.php\/wp-json\/wp\/v2\/pages"}],"about":[{"href":"https:\/\/www.odunsirkesi.com\/index.php\/wp-json\/wp\/v2\/types\/page"}],"author":[{"embeddable":true,"href":"https:\/\/www.odunsirkesi.com\/index.php\/wp-json\/wp\/v2\/users\/1"}],"replies":[{"embeddable":true,"href":"https:\/\/www.odunsirkesi.com\/index.php\/wp-json\/wp\/v2\/comments?post=1321"}],"version-history":[{"count":0,"href":"https:\/\/www.odunsirkesi.com\/index.php\/wp-json\/wp\/v2\/pages\/1321\/revisions"}],"wp:attachment":[{"href":"https:\/\/www.odunsirkesi.com\/index.php\/wp-json\/wp\/v2\/media?parent=1321"}],"curies":[{"name":"wp","href":"https:\/\/api.w.org\/{rel}","templated":true}]}}